{"id":12681,"date":"2026-05-14T19:09:19","date_gmt":"2026-05-14T22:09:19","guid":{"rendered":"https:\/\/nisummit.com.br\/?page_id=12681"},"modified":"2026-05-14T21:25:18","modified_gmt":"2026-05-15T00:25:18","slug":"premio-nis-acai-de-ouro-2026","status":"publish","type":"page","link":"https:\/\/nisummit.com.br\/en\/galeria-center-2026\/premio-nis-acai-de-ouro-2026\/","title":{"rendered":"Pr\u00eamio NIS A\u00e7a\u00ed de Ouro 2026"},"content":{"rendered":"<div data-elementor-type=\"wp-page\" data-elementor-id=\"12681\" class=\"elementor elementor-12681\" data-elementor-post-type=\"page\">\n\t\t\t\t<div class=\"elementor-element elementor-element-3b1c016 e-flex e-con-boxed e-con e-parent\" data-id=\"3b1c016\" data-element_type=\"container\" data-e-type=\"container\" data-settings=\"{&quot;jet_parallax_layout_list&quot;:[]}\">\n\t\t\t\t\t<div class=\"e-con-inner\">\n\t\t<div class=\"elementor-element elementor-element-5f62cb9 e-con-full e-flex e-con e-child\" data-id=\"5f62cb9\" data-element_type=\"container\" data-e-type=\"container\" data-settings=\"{&quot;background_background&quot;:&quot;classic&quot;,&quot;jet_parallax_layout_list&quot;:[]}\">\n\t\t\t\t<div class=\"elementor-element elementor-element-eab649e elementor-widget__width-initial elementor-widget elementor-widget-heading\" data-id=\"eab649e\" data-element_type=\"widget\" data-e-type=\"widget\" data-widget_type=\"heading.default\">\n\t\t\t\t<div class=\"elementor-widget-container\">\n\t\t\t\t\t<h2 class=\"elementor-heading-title elementor-size-default\">Pr\u00eamio NIS A\u00e7a\u00ed de Ouro 2026<\/h2>\t\t\t\t<\/div>\n\t\t\t\t<\/div>\n\t\t\t\t<div class=\"elementor-element elementor-element-ed43ccd elementor-widget elementor-widget-button\" data-id=\"ed43ccd\" data-element_type=\"widget\" data-e-type=\"widget\" data-widget_type=\"button.default\">\n\t\t\t\t<div class=\"elementor-widget-container\">\n\t\t\t\t\t\t\t\t\t<div class=\"elementor-button-wrapper\">\n\t\t\t\t\t<a class=\"elementor-button elementor-button-link elementor-size-sm elementor-animation-grow\" href=\"https:\/\/nisummit.com.br\/en\/galeria-center-2026\/\">\n\t\t\t\t\t\t<span class=\"elementor-button-content-wrapper\">\n\t\t\t\t\t\t<span class=\"elementor-button-icon\">\n\t\t\t\t<svg aria-hidden=\"true\" class=\"e-font-icon-svg e-fas-long-arrow-alt-left\" viewbox=\"0 0 448 512\" xmlns=\"http:\/\/www.w3.org\/2000\/svg\"><path d=\"M134.059 296H436c6.627 0 12-5.373 12-12v-56c0-6.627-5.373-12-12-12H134.059v-46.059c0-21.382-25.851-32.09-40.971-16.971L7.029 239.029c-9.373 9.373-9.373 24.569 0 33.941l86.059 86.059c15.119 15.119 40.971 4.411 40.971-16.971V296z\"><\/path><\/svg>\t\t\t<\/span>\n\t\t\t\t\t\t\t\t\t<span class=\"elementor-button-text\">Back to photo gallery<\/span>\n\t\t\t\t\t<\/span>\n\t\t\t\t\t<\/a>\n\t\t\t\t<\/div>\n\t\t\t\t\t\t\t\t<\/div>\n\t\t\t\t<\/div>\n\t\t\t\t<\/div>\n\t\t\t\t\t<\/div>\n\t\t\t\t<\/div>\n\t\t<div class=\"elementor-element elementor-element-d79a5f7 e-flex e-con-boxed e-con e-parent\" data-id=\"d79a5f7\" data-element_type=\"container\" data-e-type=\"container\" data-settings=\"{&quot;jet_parallax_layout_list&quot;:[]}\">\n\t\t\t\t\t<div class=\"e-con-inner\">\n\t\t<div class=\"elementor-element elementor-element-38dfbc2 e-con-full e-flex e-con e-child\" data-id=\"38dfbc2\" data-element_type=\"container\" data-e-type=\"container\" data-settings=\"{&quot;jet_parallax_layout_list&quot;:[]}\">\n\t\t\t\t<div class=\"elementor-element elementor-element-75086bd elementor-widget elementor-widget-gallery\" data-id=\"75086bd\" data-element_type=\"widget\" data-e-type=\"widget\" data-settings=\"{&quot;gap&quot;:{&quot;unit&quot;:&quot;px&quot;,&quot;size&quot;:15,&quot;sizes&quot;:[]},&quot;image_hover_animation&quot;:&quot;grow&quot;,&quot;gallery_layout&quot;:&quot;justified&quot;,&quot;ideal_row_height&quot;:{&quot;unit&quot;:&quot;px&quot;,&quot;size&quot;:300,&quot;sizes&quot;:[]},&quot;ideal_row_height_widescreen&quot;:{&quot;unit&quot;:&quot;px&quot;,&quot;size&quot;:&quot;&quot;,&quot;sizes&quot;:[]},&quot;ideal_row_height_laptop&quot;:{&quot;unit&quot;:&quot;px&quot;,&quot;size&quot;:150,&quot;sizes&quot;:[]},&quot;ideal_row_height_tablet_extra&quot;:{&quot;unit&quot;:&quot;px&quot;,&quot;size&quot;:150,&quot;sizes&quot;:[]},&quot;ideal_row_height_tablet&quot;:{&quot;unit&quot;:&quot;px&quot;,&quot;size&quot;:150,&quot;sizes&quot;:[]},&quot;ideal_row_height_mobile_extra&quot;:{&quot;unit&quot;:&quot;px&quot;,&quot;size&quot;:150,&quot;sizes&quot;:[]},&quot;ideal_row_height_mobile&quot;:{&quot;unit&quot;:&quot;px&quot;,&quot;size&quot;:150,&quot;sizes&quot;:[]},&quot;gap_widescreen&quot;:{&quot;unit&quot;:&quot;px&quot;,&quot;size&quot;:&quot;&quot;,&quot;sizes&quot;:[]},&quot;gap_laptop&quot;:{&quot;unit&quot;:&quot;px&quot;,&quot;size&quot;:10,&quot;sizes&quot;:[]},&quot;gap_tablet_extra&quot;:{&quot;unit&quot;:&quot;px&quot;,&quot;size&quot;:10,&quot;sizes&quot;:[]},&quot;gap_tablet&quot;:{&quot;unit&quot;:&quot;px&quot;,&quot;size&quot;:10,&quot;sizes&quot;:[]},&quot;gap_mobile_extra&quot;:{&quot;unit&quot;:&quot;px&quot;,&quot;size&quot;:10,&quot;sizes&quot;:[]},&quot;gap_mobile&quot;:{&quot;unit&quot;:&quot;px&quot;,&quot;size&quot;:10,&quot;sizes&quot;:[]},&quot;link_to&quot;:&quot;file&quot;}\" data-widget_type=\"gallery.default\">\n\t\t\t\t<div class=\"elementor-widget-container\">\n\t\t\t\t\t\t\t<div class=\"elementor-gallery__container\">\n\t\t\t\t\t\t\t<a class=\"e-gallery-item elementor-gallery-item elementor-animated-content\" href=\"https:\/\/nisummit.com.br\/wp-content\/uploads\/2026\/05\/NIS-2026-Feira-Dia-1-1786.jpg\" data-elementor-open-lightbox=\"yes\" data-elementor-lightbox-slideshow=\"75086bd\" data-elementor-lightbox-title=\"NIS-2026---Feira---Dia-1---1786\" data-e-action-hash=\"#elementor-action%3Aaction%3Dlightbox%26settings%3DeyJpZCI6MTI2OTEsInVybCI6Imh0dHBzOlwvXC9uaXN1bW1pdC5jb20uYnJcL3dwLWNvbnRlbnRcL3VwbG9hZHNcLzIwMjZcLzA1XC9OSVMtMjAyNi1GZWlyYS1EaWEtMS0xNzg2LmpwZyIsInNsaWRlc2hvdyI6Ijc1MDg2YmQifQ%3D%3D\">\n\t\t\t\t\t<div class=\"e-gallery-image elementor-gallery-item__image\" data-thumbnail=\"https:\/\/nisummit.com.br\/wp-content\/uploads\/2026\/05\/NIS-2026-Feira-Dia-1-1786.jpg\" data-width=\"1600\" data-height=\"1067\" aria-label=\"\" role=\"img\" ><\/div>\n\t\t\t\t\t\t\t\t\t\t\t\t\t\t<\/a>\n\t\t\t\t\t\t\t<a class=\"e-gallery-item elementor-gallery-item elementor-animated-content\" href=\"https:\/\/nisummit.com.br\/wp-content\/uploads\/2026\/05\/NIS-2026-Feira-Dia-1-1643.jpg\" data-elementor-open-lightbox=\"yes\" data-elementor-lightbox-slideshow=\"75086bd\" data-elementor-lightbox-title=\"NIS-2026---Feira---Dia-1---1643\" data-e-action-hash=\"#elementor-action%3Aaction%3Dlightbox%26settings%3DeyJpZCI6MTI3MDAsInVybCI6Imh0dHBzOlwvXC9uaXN1bW1pdC5jb20uYnJcL3dwLWNvbnRlbnRcL3VwbG9hZHNcLzIwMjZcLzA1XC9OSVMtMjAyNi1GZWlyYS1EaWEtMS0xNjQzLmpwZyIsInNsaWRlc2hvdyI6Ijc1MDg2YmQifQ%3D%3D\">\n\t\t\t\t\t<div class=\"e-gallery-image elementor-gallery-item__image\" data-thumbnail=\"https:\/\/nisummit.com.br\/wp-content\/uploads\/2026\/05\/NIS-2026-Feira-Dia-1-1643.jpg\" data-width=\"1600\" data-height=\"1067\" aria-label=\"\" role=\"img\" ><\/div>\n\t\t\t\t\t\t\t\t\t\t\t\t\t\t<\/a>\n\t\t\t\t\t\t\t<a class=\"e-gallery-item elementor-gallery-item elementor-animated-content\" href=\"https:\/\/nisummit.com.br\/wp-content\/uploads\/2026\/05\/NIS-2026-Feira-Dia-1-1860.jpg\" data-elementor-open-lightbox=\"yes\" data-elementor-lightbox-slideshow=\"75086bd\" data-elementor-lightbox-title=\"NIS-2026---Feira---Dia-1---1860\" data-e-action-hash=\"#elementor-action%3Aaction%3Dlightbox%26settings%3DeyJpZCI6MTI2OTcsInVybCI6Imh0dHBzOlwvXC9uaXN1bW1pdC5jb20uYnJcL3dwLWNvbnRlbnRcL3VwbG9hZHNcLzIwMjZcLzA1XC9OSVMtMjAyNi1GZWlyYS1EaWEtMS0xODYwLmpwZyIsInNsaWRlc2hvdyI6Ijc1MDg2YmQifQ%3D%3D\">\n\t\t\t\t\t<div class=\"e-gallery-image elementor-gallery-item__image\" data-thumbnail=\"https:\/\/nisummit.com.br\/wp-content\/uploads\/2026\/05\/NIS-2026-Feira-Dia-1-1860.jpg\" data-width=\"1600\" data-height=\"1067\" aria-label=\"\" role=\"img\" ><\/div>\n\t\t\t\t\t\t\t\t\t\t\t\t\t\t<\/a>\n\t\t\t\t\t\t\t<a class=\"e-gallery-item elementor-gallery-item elementor-animated-content\" href=\"https:\/\/nisummit.com.br\/wp-content\/uploads\/2026\/05\/NIS-2026-Feira-Dia-1-1761.jpg\" data-elementor-open-lightbox=\"yes\" data-elementor-lightbox-slideshow=\"75086bd\" data-elementor-lightbox-title=\"NIS-2026---Feira---Dia-1---1761\" data-e-action-hash=\"#elementor-action%3Aaction%3Dlightbox%26settings%3DeyJpZCI6MTI2ODksInVybCI6Imh0dHBzOlwvXC9uaXN1bW1pdC5jb20uYnJcL3dwLWNvbnRlbnRcL3VwbG9hZHNcLzIwMjZcLzA1XC9OSVMtMjAyNi1GZWlyYS1EaWEtMS0xNzYxLmpwZyIsInNsaWRlc2hvdyI6Ijc1MDg2YmQifQ%3D%3D\">\n\t\t\t\t\t<div class=\"e-gallery-image elementor-gallery-item__image\" data-thumbnail=\"https:\/\/nisummit.com.br\/wp-content\/uploads\/2026\/05\/NIS-2026-Feira-Dia-1-1761.jpg\" data-width=\"1600\" data-height=\"1067\" aria-label=\"\" role=\"img\" ><\/div>\n\t\t\t\t\t\t\t\t\t\t\t\t\t\t<\/a>\n\t\t\t\t\t\t\t<a class=\"e-gallery-item elementor-gallery-item elementor-animated-content\" href=\"https:\/\/nisummit.com.br\/wp-content\/uploads\/2026\/05\/NIS-2026-Feira-Dia-1-1725.jpg\" data-elementor-open-lightbox=\"yes\" data-elementor-lightbox-slideshow=\"75086bd\" data-elementor-lightbox-title=\"NIS-2026---Feira---Dia-1---1725\" data-e-action-hash=\"#elementor-action%3Aaction%3Dlightbox%26settings%3DeyJpZCI6MTI2ODUsInVybCI6Imh0dHBzOlwvXC9uaXN1bW1pdC5jb20uYnJcL3dwLWNvbnRlbnRcL3VwbG9hZHNcLzIwMjZcLzA1XC9OSVMtMjAyNi1GZWlyYS1EaWEtMS0xNzI1LmpwZyIsInNsaWRlc2hvdyI6Ijc1MDg2YmQifQ%3D%3D\">\n\t\t\t\t\t<div class=\"e-gallery-image elementor-gallery-item__image\" data-thumbnail=\"https:\/\/nisummit.com.br\/wp-content\/uploads\/2026\/05\/NIS-2026-Feira-Dia-1-1725.jpg\" data-width=\"1600\" data-height=\"1067\" aria-label=\"\" role=\"img\" ><\/div>\n\t\t\t\t\t\t\t\t\t\t\t\t\t\t<\/a>\n\t\t\t\t\t\t\t<a class=\"e-gallery-item elementor-gallery-item elementor-animated-content\" href=\"https:\/\/nisummit.com.br\/wp-content\/uploads\/2026\/05\/NIS-2026-Feira-Dia-1-1615.jpg\" data-elementor-open-lightbox=\"yes\" data-elementor-lightbox-slideshow=\"75086bd\" data-elementor-lightbox-title=\"NIS-2026---Feira---Dia-1---1615\" data-e-action-hash=\"#elementor-action%3Aaction%3Dlightbox%26settings%3DeyJpZCI6MTI2OTksInVybCI6Imh0dHBzOlwvXC9uaXN1bW1pdC5jb20uYnJcL3dwLWNvbnRlbnRcL3VwbG9hZHNcLzIwMjZcLzA1XC9OSVMtMjAyNi1GZWlyYS1EaWEtMS0xNjE1LmpwZyIsInNsaWRlc2hvdyI6Ijc1MDg2YmQifQ%3D%3D\">\n\t\t\t\t\t<div class=\"e-gallery-image elementor-gallery-item__image\" data-thumbnail=\"https:\/\/nisummit.com.br\/wp-content\/uploads\/2026\/05\/NIS-2026-Feira-Dia-1-1615.jpg\" data-width=\"1067\" data-height=\"1600\" aria-label=\"\" role=\"img\" ><\/div>\n\t\t\t\t\t\t\t\t\t\t\t\t\t\t<\/a>\n\t\t\t\t\t\t\t<a class=\"e-gallery-item elementor-gallery-item elementor-animated-content\" href=\"https:\/\/nisummit.com.br\/wp-content\/uploads\/2026\/05\/NIS-2026-Feira-Dia-1-1832.jpg\" data-elementor-open-lightbox=\"yes\" data-elementor-lightbox-slideshow=\"75086bd\" data-elementor-lightbox-title=\"NIS-2026---Feira---Dia-1---1832\" data-e-action-hash=\"#elementor-action%3Aaction%3Dlightbox%26settings%3DeyJpZCI6MTI2OTQsInVybCI6Imh0dHBzOlwvXC9uaXN1bW1pdC5jb20uYnJcL3dwLWNvbnRlbnRcL3VwbG9hZHNcLzIwMjZcLzA1XC9OSVMtMjAyNi1GZWlyYS1EaWEtMS0xODMyLmpwZyIsInNsaWRlc2hvdyI6Ijc1MDg2YmQifQ%3D%3D\">\n\t\t\t\t\t<div class=\"e-gallery-image elementor-gallery-item__image\" data-thumbnail=\"https:\/\/nisummit.com.br\/wp-content\/uploads\/2026\/05\/NIS-2026-Feira-Dia-1-1832.jpg\" data-width=\"1600\" data-height=\"1067\" aria-label=\"\" role=\"img\" ><\/div>\n\t\t\t\t\t\t\t\t\t\t\t\t\t\t<\/a>\n\t\t\t\t\t\t\t<a class=\"e-gallery-item elementor-gallery-item elementor-animated-content\" href=\"https:\/\/nisummit.com.br\/wp-content\/uploads\/2026\/05\/NIS-2026-Feira-Dia-1-1703.jpg\" data-elementor-open-lightbox=\"yes\" data-elementor-lightbox-slideshow=\"75086bd\" data-elementor-lightbox-title=\"NIS-2026---Feira---Dia-1---1703\" data-e-action-hash=\"#elementor-action%3Aaction%3Dlightbox%26settings%3DeyJpZCI6MTI3MDQsInVybCI6Imh0dHBzOlwvXC9uaXN1bW1pdC5jb20uYnJcL3dwLWNvbnRlbnRcL3VwbG9hZHNcLzIwMjZcLzA1XC9OSVMtMjAyNi1GZWlyYS1EaWEtMS0xNzAzLmpwZyIsInNsaWRlc2hvdyI6Ijc1MDg2YmQifQ%3D%3D\">\n\t\t\t\t\t<div class=\"e-gallery-image elementor-gallery-item__image\" data-thumbnail=\"https:\/\/nisummit.com.br\/wp-content\/uploads\/2026\/05\/NIS-2026-Feira-Dia-1-1703.jpg\" data-width=\"1600\" data-height=\"1067\" aria-label=\"\" role=\"img\" ><\/div>\n\t\t\t\t\t\t\t\t\t\t\t\t\t\t<\/a>\n\t\t\t\t\t\t\t<a class=\"e-gallery-item elementor-gallery-item elementor-animated-content\" href=\"https:\/\/nisummit.com.br\/wp-content\/uploads\/2026\/05\/NIS-2026-Feira-Dia-1-1647.jpg\" data-elementor-open-lightbox=\"yes\" data-elementor-lightbox-slideshow=\"75086bd\" data-elementor-lightbox-title=\"NIS-2026---Feira---Dia-1---1647\" data-e-action-hash=\"#elementor-action%3Aaction%3Dlightbox%26settings%3DeyJpZCI6MTI3MDEsInVybCI6Imh0dHBzOlwvXC9uaXN1bW1pdC5jb20uYnJcL3dwLWNvbnRlbnRcL3VwbG9hZHNcLzIwMjZcLzA1XC9OSVMtMjAyNi1GZWlyYS1EaWEtMS0xNjQ3LmpwZyIsInNsaWRlc2hvdyI6Ijc1MDg2YmQifQ%3D%3D\">\n\t\t\t\t\t<div class=\"e-gallery-image elementor-gallery-item__image\" data-thumbnail=\"https:\/\/nisummit.com.br\/wp-content\/uploads\/2026\/05\/NIS-2026-Feira-Dia-1-1647.jpg\" data-width=\"1600\" data-height=\"1067\" aria-label=\"\" role=\"img\" ><\/div>\n\t\t\t\t\t\t\t\t\t\t\t\t\t\t<\/a>\n\t\t\t\t\t\t\t<a class=\"e-gallery-item elementor-gallery-item elementor-animated-content\" href=\"https:\/\/nisummit.com.br\/wp-content\/uploads\/2026\/05\/NIS-2026-Feira-Dia-1-1651.jpg\" data-elementor-open-lightbox=\"yes\" data-elementor-lightbox-slideshow=\"75086bd\" data-elementor-lightbox-title=\"NIS-2026---Feira---Dia-1---1651\" data-e-action-hash=\"#elementor-action%3Aaction%3Dlightbox%26settings%3DeyJpZCI6MTI3MDIsInVybCI6Imh0dHBzOlwvXC9uaXN1bW1pdC5jb20uYnJcL3dwLWNvbnRlbnRcL3VwbG9hZHNcLzIwMjZcLzA1XC9OSVMtMjAyNi1GZWlyYS1EaWEtMS0xNjUxLmpwZyIsInNsaWRlc2hvdyI6Ijc1MDg2YmQifQ%3D%3D\">\n\t\t\t\t\t<div class=\"e-gallery-image elementor-gallery-item__image\" data-thumbnail=\"https:\/\/nisummit.com.br\/wp-content\/uploads\/2026\/05\/NIS-2026-Feira-Dia-1-1651.jpg\" data-width=\"1600\" data-height=\"1067\" aria-label=\"\" role=\"img\" ><\/div>\n\t\t\t\t\t\t\t\t\t\t\t\t\t\t<\/a>\n\t\t\t\t\t\t\t<a class=\"e-gallery-item elementor-gallery-item elementor-animated-content\" href=\"https:\/\/nisummit.com.br\/wp-content\/uploads\/2026\/05\/NIS-2026-Feira-Dia-1-1712.jpg\" data-elementor-open-lightbox=\"yes\" data-elementor-lightbox-slideshow=\"75086bd\" data-elementor-lightbox-title=\"NIS-2026---Feira---Dia-1---1712\" data-e-action-hash=\"#elementor-action%3Aaction%3Dlightbox%26settings%3DeyJpZCI6MTI2ODQsInVybCI6Imh0dHBzOlwvXC9uaXN1bW1pdC5jb20uYnJcL3dwLWNvbnRlbnRcL3VwbG9hZHNcLzIwMjZcLzA1XC9OSVMtMjAyNi1GZWlyYS1EaWEtMS0xNzEyLmpwZyIsInNsaWRlc2hvdyI6Ijc1MDg2YmQifQ%3D%3D\">\n\t\t\t\t\t<div class=\"e-gallery-image elementor-gallery-item__image\" data-thumbnail=\"https:\/\/nisummit.com.br\/wp-content\/uploads\/2026\/05\/NIS-2026-Feira-Dia-1-1712.jpg\" data-width=\"1600\" data-height=\"1067\" aria-label=\"\" role=\"img\" ><\/div>\n\t\t\t\t\t\t\t\t\t\t\t\t\t\t<\/a>\n\t\t\t\t\t\t\t<a class=\"e-gallery-item elementor-gallery-item elementor-animated-content\" href=\"https:\/\/nisummit.com.br\/wp-content\/uploads\/2026\/05\/NIS-2026-Feira-Dia-1-1837.jpg\" data-elementor-open-lightbox=\"yes\" data-elementor-lightbox-slideshow=\"75086bd\" data-elementor-lightbox-title=\"NIS-2026---Feira---Dia-1---1837\" data-e-action-hash=\"#elementor-action%3Aaction%3Dlightbox%26settings%3DeyJpZCI6MTI2OTUsInVybCI6Imh0dHBzOlwvXC9uaXN1bW1pdC5jb20uYnJcL3dwLWNvbnRlbnRcL3VwbG9hZHNcLzIwMjZcLzA1XC9OSVMtMjAyNi1GZWlyYS1EaWEtMS0xODM3LmpwZyIsInNsaWRlc2hvdyI6Ijc1MDg2YmQifQ%3D%3D\">\n\t\t\t\t\t<div class=\"e-gallery-image elementor-gallery-item__image\" data-thumbnail=\"https:\/\/nisummit.com.br\/wp-content\/uploads\/2026\/05\/NIS-2026-Feira-Dia-1-1837.jpg\" data-width=\"1600\" data-height=\"1067\" aria-label=\"\" role=\"img\" ><\/div>\n\t\t\t\t\t\t\t\t\t\t\t\t\t\t<\/a>\n\t\t\t\t\t\t\t<a class=\"e-gallery-item elementor-gallery-item elementor-animated-content\" href=\"https:\/\/nisummit.com.br\/wp-content\/uploads\/2026\/05\/NIS-2026-Feira-Dia-1-1866.jpg\" data-elementor-open-lightbox=\"yes\" data-elementor-lightbox-slideshow=\"75086bd\" data-elementor-lightbox-title=\"NIS-2026---Feira---Dia-1---1866\" data-e-action-hash=\"#elementor-action%3Aaction%3Dlightbox%26settings%3DeyJpZCI6MTI2OTgsInVybCI6Imh0dHBzOlwvXC9uaXN1bW1pdC5jb20uYnJcL3dwLWNvbnRlbnRcL3VwbG9hZHNcLzIwMjZcLzA1XC9OSVMtMjAyNi1GZWlyYS1EaWEtMS0xODY2LmpwZyIsInNsaWRlc2hvdyI6Ijc1MDg2YmQifQ%3D%3D\">\n\t\t\t\t\t<div class=\"e-gallery-image elementor-gallery-item__image\" data-thumbnail=\"https:\/\/nisummit.com.br\/wp-content\/uploads\/2026\/05\/NIS-2026-Feira-Dia-1-1866.jpg\" data-width=\"1600\" data-height=\"1067\" aria-label=\"\" role=\"img\" ><\/div>\n\t\t\t\t\t\t\t\t\t\t\t\t\t\t<\/a>\n\t\t\t\t\t\t\t<a class=\"e-gallery-item elementor-gallery-item elementor-animated-content\" href=\"https:\/\/nisummit.com.br\/wp-content\/uploads\/2026\/05\/NIS-2026-Feira-Dia-1-1755.jpg\" data-elementor-open-lightbox=\"yes\" data-elementor-lightbox-slideshow=\"75086bd\" data-elementor-lightbox-title=\"NIS-2026---Feira---Dia-1---1755\" data-e-action-hash=\"#elementor-action%3Aaction%3Dlightbox%26settings%3DeyJpZCI6MTI2ODgsInVybCI6Imh0dHBzOlwvXC9uaXN1bW1pdC5jb20uYnJcL3dwLWNvbnRlbnRcL3VwbG9hZHNcLzIwMjZcLzA1XC9OSVMtMjAyNi1GZWlyYS1EaWEtMS0xNzU1LmpwZyIsInNsaWRlc2hvdyI6Ijc1MDg2YmQifQ%3D%3D\">\n\t\t\t\t\t<div class=\"e-gallery-image elementor-gallery-item__image\" data-thumbnail=\"https:\/\/nisummit.com.br\/wp-content\/uploads\/2026\/05\/NIS-2026-Feira-Dia-1-1755.jpg\" data-width=\"1600\" data-height=\"1067\" aria-label=\"\" role=\"img\" ><\/div>\n\t\t\t\t\t\t\t\t\t\t\t\t\t\t<\/a>\n\t\t\t\t\t\t\t<a class=\"e-gallery-item elementor-gallery-item elementor-animated-content\" href=\"https:\/\/nisummit.com.br\/wp-content\/uploads\/2026\/05\/NIS-2026-Feira-Dia-1-1774.jpg\" data-elementor-open-lightbox=\"yes\" data-elementor-lightbox-slideshow=\"75086bd\" data-elementor-lightbox-title=\"NIS-2026---Feira---Dia-1---1774\" data-e-action-hash=\"#elementor-action%3Aaction%3Dlightbox%26settings%3DeyJpZCI6MTI2OTAsInVybCI6Imh0dHBzOlwvXC9uaXN1bW1pdC5jb20uYnJcL3dwLWNvbnRlbnRcL3VwbG9hZHNcLzIwMjZcLzA1XC9OSVMtMjAyNi1GZWlyYS1EaWEtMS0xNzc0LmpwZyIsInNsaWRlc2hvdyI6Ijc1MDg2YmQifQ%3D%3D\">\n\t\t\t\t\t<div class=\"e-gallery-image elementor-gallery-item__image\" data-thumbnail=\"https:\/\/nisummit.com.br\/wp-content\/uploads\/2026\/05\/NIS-2026-Feira-Dia-1-1774.jpg\" data-width=\"1600\" data-height=\"1067\" aria-label=\"\" role=\"img\" ><\/div>\n\t\t\t\t\t\t\t\t\t\t\t\t\t\t<\/a>\n\t\t\t\t\t\t\t<a class=\"e-gallery-item elementor-gallery-item elementor-animated-content\" href=\"https:\/\/nisummit.com.br\/wp-content\/uploads\/2026\/05\/NIS-2026-Feira-Dia-1-1853.jpg\" data-elementor-open-lightbox=\"yes\" data-elementor-lightbox-slideshow=\"75086bd\" data-elementor-lightbox-title=\"NIS-2026---Feira---Dia-1---1853\" data-e-action-hash=\"#elementor-action%3Aaction%3Dlightbox%26settings%3DeyJpZCI6MTI2OTYsInVybCI6Imh0dHBzOlwvXC9uaXN1bW1pdC5jb20uYnJcL3dwLWNvbnRlbnRcL3VwbG9hZHNcLzIwMjZcLzA1XC9OSVMtMjAyNi1GZWlyYS1EaWEtMS0xODUzLmpwZyIsInNsaWRlc2hvdyI6Ijc1MDg2YmQifQ%3D%3D\">\n\t\t\t\t\t<div class=\"e-gallery-image elementor-gallery-item__image\" data-thumbnail=\"https:\/\/nisummit.com.br\/wp-content\/uploads\/2026\/05\/NIS-2026-Feira-Dia-1-1853.jpg\" data-width=\"1600\" data-height=\"1067\" aria-label=\"\" role=\"img\" ><\/div>\n\t\t\t\t\t\t\t\t\t\t\t\t\t\t<\/a>\n\t\t\t\t\t\t\t<a class=\"e-gallery-item elementor-gallery-item elementor-animated-content\" href=\"https:\/\/nisummit.com.br\/wp-content\/uploads\/2026\/05\/NIS-2026-Feira-Dia-1-1737.jpg\" data-elementor-open-lightbox=\"yes\" data-elementor-lightbox-slideshow=\"75086bd\" data-elementor-lightbox-title=\"NIS-2026---Feira---Dia-1---1737\" data-e-action-hash=\"#elementor-action%3Aaction%3Dlightbox%26settings%3DeyJpZCI6MTI2ODYsInVybCI6Imh0dHBzOlwvXC9uaXN1bW1pdC5jb20uYnJcL3dwLWNvbnRlbnRcL3VwbG9hZHNcLzIwMjZcLzA1XC9OSVMtMjAyNi1GZWlyYS1EaWEtMS0xNzM3LmpwZyIsInNsaWRlc2hvdyI6Ijc1MDg2YmQifQ%3D%3D\">\n\t\t\t\t\t<div class=\"e-gallery-image elementor-gallery-item__image\" data-thumbnail=\"https:\/\/nisummit.com.br\/wp-content\/uploads\/2026\/05\/NIS-2026-Feira-Dia-1-1737.jpg\" data-width=\"1600\" data-height=\"1067\" aria-label=\"\" role=\"img\" ><\/div>\n\t\t\t\t\t\t\t\t\t\t\t\t\t\t<\/a>\n\t\t\t\t\t\t\t<a class=\"e-gallery-item elementor-gallery-item elementor-animated-content\" href=\"https:\/\/nisummit.com.br\/wp-content\/uploads\/2026\/05\/NIS-2026-Feira-Dia-1-1675.jpg\" data-elementor-open-lightbox=\"yes\" data-elementor-lightbox-slideshow=\"75086bd\" data-elementor-lightbox-title=\"NIS-2026---Feira---Dia-1---1675\" data-e-action-hash=\"#elementor-action%3Aaction%3Dlightbox%26settings%3DeyJpZCI6MTI3MDMsInVybCI6Imh0dHBzOlwvXC9uaXN1bW1pdC5jb20uYnJcL3dwLWNvbnRlbnRcL3VwbG9hZHNcLzIwMjZcLzA1XC9OSVMtMjAyNi1GZWlyYS1EaWEtMS0xNjc1LmpwZyIsInNsaWRlc2hvdyI6Ijc1MDg2YmQifQ%3D%3D\">\n\t\t\t\t\t<div class=\"e-gallery-image elementor-gallery-item__image\" data-thumbnail=\"https:\/\/nisummit.com.br\/wp-content\/uploads\/2026\/05\/NIS-2026-Feira-Dia-1-1675.jpg\" data-width=\"1600\" data-height=\"1067\" aria-label=\"\" role=\"img\" ><\/div>\n\t\t\t\t\t\t\t\t\t\t\t\t\t\t<\/a>\n\t\t\t\t\t\t\t<a class=\"e-gallery-item elementor-gallery-item elementor-animated-content\" href=\"https:\/\/nisummit.com.br\/wp-content\/uploads\/2026\/05\/NIS-2026-Feira-Dia-1-1804.jpg\" data-elementor-open-lightbox=\"yes\" data-elementor-lightbox-slideshow=\"75086bd\" data-elementor-lightbox-title=\"NIS-2026---Feira---Dia-1---1804\" data-e-action-hash=\"#elementor-action%3Aaction%3Dlightbox%26settings%3DeyJpZCI6MTI2OTIsInVybCI6Imh0dHBzOlwvXC9uaXN1bW1pdC5jb20uYnJcL3dwLWNvbnRlbnRcL3VwbG9hZHNcLzIwMjZcLzA1XC9OSVMtMjAyNi1GZWlyYS1EaWEtMS0xODA0LmpwZyIsInNsaWRlc2hvdyI6Ijc1MDg2YmQifQ%3D%3D\">\n\t\t\t\t\t<div class=\"e-gallery-image elementor-gallery-item__image\" data-thumbnail=\"https:\/\/nisummit.com.br\/wp-content\/uploads\/2026\/05\/NIS-2026-Feira-Dia-1-1804.jpg\" data-width=\"1600\" data-height=\"1067\" aria-label=\"\" role=\"img\" ><\/div>\n\t\t\t\t\t\t\t\t\t\t\t\t\t\t<\/a>\n\t\t\t\t\t\t\t<a class=\"e-gallery-item elementor-gallery-item elementor-animated-content\" href=\"https:\/\/nisummit.com.br\/wp-content\/uploads\/2026\/05\/NIS-2026-Feira-Dia-1-1815.jpg\" data-elementor-open-lightbox=\"yes\" data-elementor-lightbox-slideshow=\"75086bd\" data-elementor-lightbox-title=\"NIS-2026---Feira---Dia-1---1815\" data-e-action-hash=\"#elementor-action%3Aaction%3Dlightbox%26settings%3DeyJpZCI6MTI2OTMsInVybCI6Imh0dHBzOlwvXC9uaXN1bW1pdC5jb20uYnJcL3dwLWNvbnRlbnRcL3VwbG9hZHNcLzIwMjZcLzA1XC9OSVMtMjAyNi1GZWlyYS1EaWEtMS0xODE1LmpwZyIsInNsaWRlc2hvdyI6Ijc1MDg2YmQifQ%3D%3D\">\n\t\t\t\t\t<div class=\"e-gallery-image elementor-gallery-item__image\" data-thumbnail=\"https:\/\/nisummit.com.br\/wp-content\/uploads\/2026\/05\/NIS-2026-Feira-Dia-1-1815.jpg\" data-width=\"1600\" data-height=\"1067\" aria-label=\"\" role=\"img\" ><\/div>\n\t\t\t\t\t\t\t\t\t\t\t\t\t\t<\/a>\n\t\t\t\t\t<\/div>\n\t\t\t\t\t<\/div>\n\t\t\t\t<\/div>\n\t\t\t\t<\/div>\n\t\t\t\t\t<\/div>\n\t\t\t\t<\/div>\n\t\t\t\t<\/div>","protected":false},"excerpt":{"rendered":"<p>Pr\u00eamio NIS A\u00e7a\u00ed de Ouro 2026 Voltar para galeria de fotos<\/p>","protected":false},"author":1,"featured_media":0,"parent":12620,"menu_order":0,"comment_status":"closed","ping_status":"closed","template":"","meta":{"footnotes":""},"class_list":["post-12681","page","type-page","status-publish","hentry"],"_links":{"self":[{"href":"https:\/\/nisummit.com.br\/en\/wp-json\/wp\/v2\/pages\/12681","targetHints":{"allow":["GET"]}}],"collection":[{"href":"https:\/\/nisummit.com.br\/en\/wp-json\/wp\/v2\/pages"}],"about":[{"href":"https:\/\/nisummit.com.br\/en\/wp-json\/wp\/v2\/types\/page"}],"author":[{"embeddable":true,"href":"https:\/\/nisummit.com.br\/en\/wp-json\/wp\/v2\/users\/1"}],"replies":[{"embeddable":true,"href":"https:\/\/nisummit.com.br\/en\/wp-json\/wp\/v2\/comments?post=12681"}],"version-history":[{"count":4,"href":"https:\/\/nisummit.com.br\/en\/wp-json\/wp\/v2\/pages\/12681\/revisions"}],"predecessor-version":[{"id":12717,"href":"https:\/\/nisummit.com.br\/en\/wp-json\/wp\/v2\/pages\/12681\/revisions\/12717"}],"up":[{"embeddable":true,"href":"https:\/\/nisummit.com.br\/en\/wp-json\/wp\/v2\/pages\/12620"}],"wp:attachment":[{"href":"https:\/\/nisummit.com.br\/en\/wp-json\/wp\/v2\/media?parent=12681"}],"curies":[{"name":"wp","href":"https:\/\/api.w.org\/{rel}","templated":true}]}}