{"id":892,"date":"2023-10-04T13:54:49","date_gmt":"2023-10-04T13:54:49","guid":{"rendered":"https:\/\/nis.dev3k.com.br\/?page_id=892"},"modified":"2025-09-24T12:21:30","modified_gmt":"2025-09-24T15:21:30","slug":"nis-taste-live","status":"publish","type":"page","link":"https:\/\/nisummit.com.br\/en\/nis-taste-live\/","title":{"rendered":"NIS Taste Live"},"content":{"rendered":"<div data-elementor-type=\"wp-page\" data-elementor-id=\"892\" class=\"elementor elementor-892\" data-elementor-post-type=\"page\">\n\t\t\t\t<div class=\"elementor-element elementor-element-3b99ad3 e-flex e-con-boxed e-con e-parent\" data-id=\"3b99ad3\" data-element_type=\"container\" data-e-type=\"container\" data-settings=\"{&quot;jet_parallax_layout_list&quot;:[]}\">\n\t\t\t\t\t<div class=\"e-con-inner\">\n\t\t<div class=\"elementor-element elementor-element-48e541c e-con-full e-flex e-con e-child\" data-id=\"48e541c\" data-element_type=\"container\" data-e-type=\"container\" data-settings=\"{&quot;background_background&quot;:&quot;classic&quot;,&quot;jet_parallax_layout_list&quot;:[]}\">\n\t\t\t\t<div class=\"elementor-element elementor-element-b7ff938 elementor-widget__width-initial elementor-widget elementor-widget-heading\" data-id=\"b7ff938\" data-element_type=\"widget\" data-e-type=\"widget\" data-widget_type=\"heading.default\">\n\t\t\t\t<div class=\"elementor-widget-container\">\n\t\t\t\t\t<h2 class=\"elementor-heading-title elementor-size-default\">NIS Taste Live<\/h2>\t\t\t\t<\/div>\n\t\t\t\t<\/div>\n\t\t\t\t<\/div>\n\t\t\t\t\t<\/div>\n\t\t\t\t<\/div>\n\t\t<div class=\"elementor-element elementor-element-6fdb6d2 e-flex e-con-boxed e-con e-parent\" data-id=\"6fdb6d2\" data-element_type=\"container\" data-e-type=\"container\" data-settings=\"{&quot;jet_parallax_layout_list&quot;:[]}\">\n\t\t\t\t\t<div class=\"e-con-inner\">\n\t\t\t\t<div class=\"elementor-element elementor-element-007d579 elementor-widget__width-initial elementor-widget elementor-widget-heading\" data-id=\"007d579\" data-element_type=\"widget\" data-e-type=\"widget\" data-widget_type=\"heading.default\">\n\t\t\t\t<div class=\"elementor-widget-container\">\n\t\t\t\t\t<h2 class=\"elementor-heading-title elementor-size-default\">The prominence that the ingredient deserves on the main stage for presentations and tastings of functional and innovative products<\/h2>\t\t\t\t<\/div>\n\t\t\t\t<\/div>\n\t\t<div class=\"elementor-element elementor-element-783a19b e-con-full e-flex e-con e-child\" data-id=\"783a19b\" data-element_type=\"container\" data-e-type=\"container\" data-settings=\"{&quot;jet_parallax_layout_list&quot;:[]}\">\n\t\t\t\t<div class=\"elementor-element elementor-element-1378f6d elementor-widget elementor-widget-text-editor\" data-id=\"1378f6d\" data-element_type=\"widget\" data-e-type=\"widget\" data-widget_type=\"text-editor.default\">\n\t\t\t\t<div class=\"elementor-widget-container\">\n\t\t\t\t\t\t\t\t\t<p>Absolute success 2 years in a row, the <strong>NIS Taste Live<\/strong> aims to encourage the tasting of functional ingredients through their application in exclusive and healthy menus, presented by sponsors and partners in a show kitchen!<\/p><p>A multi-sensory experience where industry professionals can learn about and sample the latest on the market to innovate the new product development process.<\/p>\t\t\t\t\t\t\t\t<\/div>\n\t\t\t\t<\/div>\n\t\t\t\t<div class=\"elementor-element elementor-element-1d5aa1d elementor-widget__width-initial elementor-widget elementor-widget-image\" data-id=\"1d5aa1d\" data-element_type=\"widget\" data-e-type=\"widget\" data-widget_type=\"image.default\">\n\t\t\t\t<div class=\"elementor-widget-container\">\n\t\t\t\t\t\t\t\t\t\t\t\t\t\t\t<img fetchpriority=\"high\" decoding=\"async\" width=\"1082\" height=\"1082\" src=\"https:\/\/nisummit.com.br\/wp-content\/uploads\/2023\/09\/tastebr.png\" class=\"attachment-full size-full wp-image-424\" alt=\"\" srcset=\"https:\/\/nisummit.com.br\/wp-content\/uploads\/2023\/09\/tastebr.png 1082w, https:\/\/nisummit.com.br\/wp-content\/uploads\/2023\/09\/tastebr-300x300.png 300w, https:\/\/nisummit.com.br\/wp-content\/uploads\/2023\/09\/tastebr-1024x1024.png 1024w, https:\/\/nisummit.com.br\/wp-content\/uploads\/2023\/09\/tastebr-150x150.png 150w, https:\/\/nisummit.com.br\/wp-content\/uploads\/2023\/09\/tastebr-768x768.png 768w\" sizes=\"(max-width: 1082px) 100vw, 1082px\" \/>\t\t\t\t\t\t\t\t\t\t\t\t\t\t\t<\/div>\n\t\t\t\t<\/div>\n\t\t\t\t<\/div>\n\t\t\t\t\t<\/div>\n\t\t\t\t<\/div>\n\t\t\t\t<\/div>","protected":false},"excerpt":{"rendered":"<p>NIS Taste Live O protagonismo que o ingrediente merece no principal palco de apresenta\u00e7\u00f5es e degusta\u00e7\u00f5es de produtos funcionais e inovadores\u200b Sucesso absoluto 2 anos consecutivos, o NIS Taste Live tem como objetivo fomentar a degusta\u00e7\u00e3o de ingredientes funcionais por meio de suas aplica\u00e7\u00f5es em card\u00e1pios exclusivos e saud\u00e1veis, apresentados pelos patrocinadores e parceiros em [&hellip;]<\/p>\n","protected":false},"author":1,"featured_media":0,"parent":0,"menu_order":0,"comment_status":"closed","ping_status":"closed","template":"","meta":{"footnotes":""},"class_list":["post-892","page","type-page","status-publish","hentry"],"_links":{"self":[{"href":"https:\/\/nisummit.com.br\/en\/wp-json\/wp\/v2\/pages\/892","targetHints":{"allow":["GET"]}}],"collection":[{"href":"https:\/\/nisummit.com.br\/en\/wp-json\/wp\/v2\/pages"}],"about":[{"href":"https:\/\/nisummit.com.br\/en\/wp-json\/wp\/v2\/types\/page"}],"author":[{"embeddable":true,"href":"https:\/\/nisummit.com.br\/en\/wp-json\/wp\/v2\/users\/1"}],"replies":[{"embeddable":true,"href":"https:\/\/nisummit.com.br\/en\/wp-json\/wp\/v2\/comments?post=892"}],"version-history":[{"count":9,"href":"https:\/\/nisummit.com.br\/en\/wp-json\/wp\/v2\/pages\/892\/revisions"}],"predecessor-version":[{"id":10681,"href":"https:\/\/nisummit.com.br\/en\/wp-json\/wp\/v2\/pages\/892\/revisions\/10681"}],"wp:attachment":[{"href":"https:\/\/nisummit.com.br\/en\/wp-json\/wp\/v2\/media?parent=892"}],"curies":[{"name":"wp","href":"https:\/\/api.w.org\/{rel}","templated":true}]}}