{"id":9245,"date":"2025-04-17T17:21:25","date_gmt":"2025-04-17T20:21:25","guid":{"rendered":"https:\/\/nis.dev3k.com.br\/?page_id=9245"},"modified":"2025-09-24T17:13:43","modified_gmt":"2025-09-24T20:13:43","slug":"galeria-center-2025","status":"publish","type":"page","link":"https:\/\/nisummit.com.br\/en\/galeria-center-2025\/","title":{"rendered":"Galeria Center 2025"},"content":{"rendered":"<div data-elementor-type=\"wp-page\" data-elementor-id=\"9245\" class=\"elementor elementor-9245\" data-elementor-post-type=\"page\">\n\t\t\t\t<div class=\"elementor-element elementor-element-1bc4b20 e-flex e-con-boxed e-con e-parent\" data-id=\"1bc4b20\" data-element_type=\"container\" data-e-type=\"container\" data-settings=\"{&quot;jet_parallax_layout_list&quot;:[]}\">\n\t\t\t\t\t<div class=\"e-con-inner\">\n\t\t<div class=\"elementor-element elementor-element-ae6a98d e-con-full e-flex e-con e-child\" data-id=\"ae6a98d\" data-element_type=\"container\" data-e-type=\"container\" data-settings=\"{&quot;background_background&quot;:&quot;classic&quot;,&quot;jet_parallax_layout_list&quot;:[]}\">\n\t\t\t\t<div class=\"elementor-element elementor-element-2863c93 elementor-widget__width-initial elementor-widget elementor-widget-heading\" data-id=\"2863c93\" data-element_type=\"widget\" data-e-type=\"widget\" data-widget_type=\"heading.default\">\n\t\t\t\t<div class=\"elementor-widget-container\">\n\t\t\t\t\t<h2 class=\"elementor-heading-title elementor-size-default\">NIS 2025<\/h2>\t\t\t\t<\/div>\n\t\t\t\t<\/div>\n\t\t\t\t<div class=\"elementor-element elementor-element-7b7015f elementor-widget__width-initial elementor-widget elementor-widget-heading\" data-id=\"7b7015f\" data-element_type=\"widget\" data-e-type=\"widget\" data-widget_type=\"heading.default\">\n\t\t\t\t<div class=\"elementor-widget-container\">\n\t\t\t\t\t<h2 class=\"elementor-heading-title elementor-size-default\">Galeria Center<\/h2>\t\t\t\t<\/div>\n\t\t\t\t<\/div>\n\t\t\t\t<\/div>\n\t\t\t\t\t<\/div>\n\t\t\t\t<\/div>\n\t\t<div class=\"elementor-element elementor-element-97be4c4 e-flex e-con-boxed e-con e-parent\" data-id=\"97be4c4\" data-element_type=\"container\" data-e-type=\"container\" data-settings=\"{&quot;jet_parallax_layout_list&quot;:[]}\">\n\t\t\t\t\t<div class=\"e-con-inner\">\n\t\t\t\t<div class=\"elementor-element elementor-element-d93f5fa elementor-widget__width-initial elementor-widget elementor-widget-heading\" data-id=\"d93f5fa\" data-element_type=\"widget\" data-e-type=\"widget\" data-widget_type=\"heading.default\">\n\t\t\t\t<div class=\"elementor-widget-container\">\n\t\t\t\t\t<h2 class=\"elementor-heading-title elementor-size-default\">GALLERY CENTER<\/h2>\t\t\t\t<\/div>\n\t\t\t\t<\/div>\n\t\t\t\t<div class=\"elementor-element elementor-element-929f6b6 elementor-widget elementor-widget-heading\" data-id=\"929f6b6\" data-element_type=\"widget\" data-e-type=\"widget\" data-widget_type=\"heading.default\">\n\t\t\t\t<div class=\"elementor-widget-container\">\n\t\t\t\t\t<h2 class=\"elementor-heading-title elementor-size-default\">Check out the best moments from NIS SUMMIT 2025<\/h2>\t\t\t\t<\/div>\n\t\t\t\t<\/div>\n\t\t\t\t<div class=\"elementor-element elementor-element-01ce806 elementor-widget elementor-widget-heading\" data-id=\"01ce806\" data-element_type=\"widget\" data-e-type=\"widget\" data-widget_type=\"heading.default\">\n\t\t\t\t<div class=\"elementor-widget-container\">\n\t\t\t\t\t<h2 class=\"elementor-heading-title elementor-size-default\">NIS IN-PERSON 2025<\/h2>\t\t\t\t<\/div>\n\t\t\t\t<\/div>\n\t\t<div class=\"elementor-element elementor-element-518d0c9 e-con-full e-flex e-con e-child\" data-id=\"518d0c9\" data-element_type=\"container\" data-e-type=\"container\" data-settings=\"{&quot;jet_parallax_layout_list&quot;:[],&quot;background_background&quot;:&quot;classic&quot;}\">\n\t\t\t\t<div class=\"elementor-element elementor-element-53b82c2 elementor-widget elementor-widget-image\" data-id=\"53b82c2\" data-element_type=\"widget\" data-e-type=\"widget\" data-widget_type=\"image.default\">\n\t\t\t\t<div class=\"elementor-widget-container\">\n\t\t\t\t\t\t\t\t\t\t\t\t\t\t\t<img decoding=\"async\" src=\"https:\/\/nisummit.com.br\/wp-content\/uploads\/elementor\/thumbs\/presencial-01-r4i34wtd8ldzonsrzuyg9s757j5zj0aosgx5eamc5i.jpg\" title=\"in-person-01\" alt=\"presencial-01\" loading=\"lazy\" \/>\t\t\t\t\t\t\t\t\t\t\t\t\t\t\t<\/div>\n\t\t\t\t<\/div>\n\t\t\t\t<div class=\"elementor-element elementor-element-9f1288b elementor-widget elementor-widget-image\" data-id=\"9f1288b\" data-element_type=\"widget\" data-e-type=\"widget\" data-widget_type=\"image.default\">\n\t\t\t\t<div class=\"elementor-widget-container\">\n\t\t\t\t\t\t\t\t\t\t\t\t\t\t\t<img decoding=\"async\" src=\"https:\/\/nisummit.com.br\/wp-content\/uploads\/elementor\/thumbs\/presencial-11-r4i34ljaykyjtc95tq2xfv1m2wpkyn1wqx3bmz3286.jpg\" title=\"in-person-11\" alt=\"presencial-11\" loading=\"lazy\" \/>\t\t\t\t\t\t\t\t\t\t\t\t\t\t\t<\/div>\n\t\t\t\t<\/div>\n\t\t\t\t<div class=\"elementor-element elementor-element-46a45ab elementor-widget elementor-widget-image\" data-id=\"46a45ab\" data-element_type=\"widget\" data-e-type=\"widget\" data-widget_type=\"image.default\">\n\t\t\t\t<div class=\"elementor-widget-container\">\n\t\t\t\t\t\t\t\t\t\t\t\t\t\t\t<img decoding=\"async\" src=\"https:\/\/nisummit.com.br\/wp-content\/uploads\/elementor\/thumbs\/presencial-10-r4i348dkawgjass9yke5gyd5riifyvlo13yix3mkna.jpg\" title=\"in-person-10\" alt=\"presencial-10\" loading=\"lazy\" \/>\t\t\t\t\t\t\t\t\t\t\t\t\t\t\t<\/div>\n\t\t\t\t<\/div>\n\t\t\t\t<div class=\"elementor-element elementor-element-14200ca elementor-widget elementor-widget-image\" data-id=\"14200ca\" data-element_type=\"widget\" data-e-type=\"widget\" data-widget_type=\"image.default\">\n\t\t\t\t<div class=\"elementor-widget-container\">\n\t\t\t\t\t\t\t\t\t\t\t\t\t\t\t<img decoding=\"async\" src=\"https:\/\/nisummit.com.br\/wp-content\/uploads\/elementor\/thumbs\/presencial-08-r4i33i22zjgi9pui890lj5094q45zcp6lhoxhcplhi.jpg\" title=\"in-person-08\" alt=\"presencial-08\" loading=\"lazy\" \/>\t\t\t\t\t\t\t\t\t\t\t\t\t\t\t<\/div>\n\t\t\t\t<\/div>\n\t\t\t\t<div class=\"elementor-element elementor-element-3cb5e0a elementor-align-center elementor-widget elementor-widget-button\" data-id=\"3cb5e0a\" data-element_type=\"widget\" data-e-type=\"widget\" data-widget_type=\"button.default\">\n\t\t\t\t<div class=\"elementor-widget-container\">\n\t\t\t\t\t\t\t\t\t<div class=\"elementor-button-wrapper\">\n\t\t\t\t\t<a class=\"elementor-button elementor-button-link elementor-size-sm elementor-animation-grow\" href=\"https:\/\/nisummit.com.br\/en\/galeria-center-2025\/nis-presencial-2025\/\">\n\t\t\t\t\t\t<span class=\"elementor-button-content-wrapper\">\n\t\t\t\t\t\t\t\t\t<span class=\"elementor-button-text\">SEE ALL<\/span>\n\t\t\t\t\t<\/span>\n\t\t\t\t\t<\/a>\n\t\t\t\t<\/div>\n\t\t\t\t\t\t\t\t<\/div>\n\t\t\t\t<\/div>\n\t\t\t\t<\/div>\n\t\t\t\t<div class=\"elementor-element elementor-element-1627d38 elementor-widget elementor-widget-heading\" data-id=\"1627d38\" data-element_type=\"widget\" data-e-type=\"widget\" data-widget_type=\"heading.default\">\n\t\t\t\t<div class=\"elementor-widget-container\">\n\t\t\t\t\t<h2 class=\"elementor-heading-title elementor-size-default\">NIS Conference 2025<\/h2>\t\t\t\t<\/div>\n\t\t\t\t<\/div>\n\t\t<div class=\"elementor-element elementor-element-b9ec79e e-con-full e-flex e-con e-child\" data-id=\"b9ec79e\" data-element_type=\"container\" data-e-type=\"container\" data-settings=\"{&quot;jet_parallax_layout_list&quot;:[],&quot;background_background&quot;:&quot;classic&quot;}\">\n\t\t\t\t<div class=\"elementor-element elementor-element-1e3d406 elementor-widget elementor-widget-image\" data-id=\"1e3d406\" data-element_type=\"widget\" data-e-type=\"widget\" data-widget_type=\"image.default\">\n\t\t\t\t<div class=\"elementor-widget-container\">\n\t\t\t\t\t\t\t\t\t\t\t\t\t\t\t<img decoding=\"async\" src=\"https:\/\/nisummit.com.br\/wp-content\/uploads\/elementor\/thumbs\/foto-30-r4i4ndkpddtpjdrlyoq33xpifnaea7n7xvoqwc9bpi.jpg\" title=\"photo-30\" alt=\"foto-30\" loading=\"lazy\" \/>\t\t\t\t\t\t\t\t\t\t\t\t\t\t\t<\/div>\n\t\t\t\t<\/div>\n\t\t\t\t<div class=\"elementor-element elementor-element-7db1dd9 elementor-widget elementor-widget-image\" data-id=\"7db1dd9\" data-element_type=\"widget\" data-e-type=\"widget\" data-widget_type=\"image.default\">\n\t\t\t\t<div class=\"elementor-widget-container\">\n\t\t\t\t\t\t\t\t\t\t\t\t\t\t\t<img decoding=\"async\" src=\"https:\/\/nisummit.com.br\/wp-content\/uploads\/elementor\/thumbs\/foto-04-1-r4i4di9pm0bbms3plf53xfd9vzxngmgol137hqw51i.jpg\" title=\"photo-04\" alt=\"foto-04\" loading=\"lazy\" \/>\t\t\t\t\t\t\t\t\t\t\t\t\t\t\t<\/div>\n\t\t\t\t<\/div>\n\t\t\t\t<div class=\"elementor-element elementor-element-6493d0c elementor-widget elementor-widget-image\" data-id=\"6493d0c\" data-element_type=\"widget\" data-e-type=\"widget\" data-widget_type=\"image.default\">\n\t\t\t\t<div class=\"elementor-widget-container\">\n\t\t\t\t\t\t\t\t\t\t\t\t\t\t\t<img decoding=\"async\" src=\"https:\/\/nisummit.com.br\/wp-content\/uploads\/elementor\/thumbs\/foto-25-r4i4l8hxsyw73cvkgreofh5pq1uar158ba6xjnflvq.jpg\" title=\"photo-25\" alt=\"foto-25\" loading=\"lazy\" \/>\t\t\t\t\t\t\t\t\t\t\t\t\t\t\t<\/div>\n\t\t\t\t<\/div>\n\t\t\t\t<div class=\"elementor-element elementor-element-69b09ac elementor-widget elementor-widget-image\" data-id=\"69b09ac\" data-element_type=\"widget\" data-e-type=\"widget\" data-widget_type=\"image.default\">\n\t\t\t\t<div class=\"elementor-widget-container\">\n\t\t\t\t\t\t\t\t\t\t\t\t\t\t\t<img decoding=\"async\" src=\"https:\/\/nisummit.com.br\/wp-content\/uploads\/elementor\/thumbs\/foto-01-1-r4i4c5e3qmgev22piu0ibrpazymkcd2n2b5yjcwm12.jpg\" title=\"photo-01\" alt=\"foto-01\" loading=\"lazy\" \/>\t\t\t\t\t\t\t\t\t\t\t\t\t\t\t<\/div>\n\t\t\t\t<\/div>\n\t\t\t\t<div class=\"elementor-element elementor-element-43b8a66 elementor-align-center elementor-widget elementor-widget-button\" data-id=\"43b8a66\" data-element_type=\"widget\" data-e-type=\"widget\" data-widget_type=\"button.default\">\n\t\t\t\t<div class=\"elementor-widget-container\">\n\t\t\t\t\t\t\t\t\t<div class=\"elementor-button-wrapper\">\n\t\t\t\t\t<a class=\"elementor-button elementor-button-link elementor-size-sm elementor-animation-grow\" href=\"https:\/\/nisummit.com.br\/en\/galeria-center-2025\/nis-conference-2025\/\">\n\t\t\t\t\t\t<span class=\"elementor-button-content-wrapper\">\n\t\t\t\t\t\t\t\t\t<span class=\"elementor-button-text\">SEE ALL<\/span>\n\t\t\t\t\t<\/span>\n\t\t\t\t\t<\/a>\n\t\t\t\t<\/div>\n\t\t\t\t\t\t\t\t<\/div>\n\t\t\t\t<\/div>\n\t\t\t\t<\/div>\n\t\t\t\t<div class=\"elementor-element elementor-element-143799e elementor-widget elementor-widget-heading\" data-id=\"143799e\" data-element_type=\"widget\" data-e-type=\"widget\" data-widget_type=\"heading.default\">\n\t\t\t\t<div class=\"elementor-widget-container\">\n\t\t\t\t\t<h2 class=\"elementor-heading-title elementor-size-default\">NIS A\u00c7A\u00cd GOLD AWARD 2025<\/h2>\t\t\t\t<\/div>\n\t\t\t\t<\/div>\n\t\t<div class=\"elementor-element elementor-element-fbbd14f e-con-full e-flex e-con e-child\" data-id=\"fbbd14f\" data-element_type=\"container\" data-e-type=\"container\" data-settings=\"{&quot;jet_parallax_layout_list&quot;:[],&quot;background_background&quot;:&quot;classic&quot;}\">\n\t\t\t\t<div class=\"elementor-element elementor-element-2cbefcd elementor-widget elementor-widget-image\" data-id=\"2cbefcd\" data-element_type=\"widget\" data-e-type=\"widget\" data-widget_type=\"image.default\">\n\t\t\t\t<div class=\"elementor-widget-container\">\n\t\t\t\t\t\t\t\t\t\t\t\t\t\t\t<img decoding=\"async\" src=\"https:\/\/nisummit.com.br\/wp-content\/uploads\/elementor\/thumbs\/NIS2025-150425-20h48-_MG_0319-r4if87umev61joko4b2ectyv1u66zdk2av90ubkyo6.jpg\" title=\"NIS2025\u2013150425\u201320h48\u2032-_MG_0319\" alt=\"NIS2025--150425--20h48&#039;-_MG_0319\" loading=\"lazy\" \/>\t\t\t\t\t\t\t\t\t\t\t\t\t\t\t<\/div>\n\t\t\t\t<\/div>\n\t\t\t\t<div class=\"elementor-element elementor-element-740a9e6 elementor-widget elementor-widget-image\" data-id=\"740a9e6\" data-element_type=\"widget\" data-e-type=\"widget\" data-widget_type=\"image.default\">\n\t\t\t\t<div class=\"elementor-widget-container\">\n\t\t\t\t\t\t\t\t\t\t\t\t\t\t\t<img decoding=\"async\" src=\"https:\/\/nisummit.com.br\/wp-content\/uploads\/elementor\/thumbs\/NIS2025-150425-19h19-_MG_0116-r4if4pw8z2dmbxnmjsme2pr3g7f0bxo15jtyj8rpty.jpg\" title=\"NIS2025\u2013150425\u201319h19\u2032-_MG_0116\" alt=\"NIS2025--150425--19h19&#039;-_MG_0116\" loading=\"lazy\" \/>\t\t\t\t\t\t\t\t\t\t\t\t\t\t\t<\/div>\n\t\t\t\t<\/div>\n\t\t\t\t<div class=\"elementor-element elementor-element-c6ca26a elementor-widget elementor-widget-image\" data-id=\"c6ca26a\" data-element_type=\"widget\" data-e-type=\"widget\" data-widget_type=\"image.default\">\n\t\t\t\t<div class=\"elementor-widget-container\">\n\t\t\t\t\t\t\t\t\t\t\t\t\t\t\t<img decoding=\"async\" src=\"https:\/\/nisummit.com.br\/wp-content\/uploads\/elementor\/thumbs\/NIS2025-150425-20h19-_NEW5008-r4ieubshf05hz4r18awvic5n0umx8eev246pj46eme.jpg\" title=\"NIS2025\u2013150425\u201320:19\u2032-_NEW5008\" alt=\"NIS2025--150425--20h19&#039;-_NEW5008\" loading=\"lazy\" \/>\t\t\t\t\t\t\t\t\t\t\t\t\t\t\t<\/div>\n\t\t\t\t<\/div>\n\t\t\t\t<div class=\"elementor-element elementor-element-cfc1f05 elementor-widget elementor-widget-image\" data-id=\"cfc1f05\" data-element_type=\"widget\" data-e-type=\"widget\" data-widget_type=\"image.default\">\n\t\t\t\t<div class=\"elementor-widget-container\">\n\t\t\t\t\t\t\t\t\t\t\t\t\t\t\t<img decoding=\"async\" src=\"https:\/\/nisummit.com.br\/wp-content\/uploads\/elementor\/thumbs\/NIS2025-150425-20h35-_NEW5099-r4iezt6la7npp8sb7o8j1ycfrrm04u6ht96ob81qbq.jpg\" title=\"NIS2025\u2013150425\u20138:35pm\u2032-_NEW5099\" alt=\"NIS2025--150425--20h35&#039;-_NEW5099\" loading=\"lazy\" \/>\t\t\t\t\t\t\t\t\t\t\t\t\t\t\t<\/div>\n\t\t\t\t<\/div>\n\t\t\t\t<div class=\"elementor-element elementor-element-d78d030 elementor-align-center elementor-widget elementor-widget-button\" data-id=\"d78d030\" data-element_type=\"widget\" data-e-type=\"widget\" data-widget_type=\"button.default\">\n\t\t\t\t<div class=\"elementor-widget-container\">\n\t\t\t\t\t\t\t\t\t<div class=\"elementor-button-wrapper\">\n\t\t\t\t\t<a class=\"elementor-button elementor-button-link elementor-size-sm elementor-animation-grow\" href=\"https:\/\/nisummit.com.br\/en\/galeria-center-2025\/premio-nis-acai-de-ouro-2025\/\">\n\t\t\t\t\t\t<span class=\"elementor-button-content-wrapper\">\n\t\t\t\t\t\t\t\t\t<span class=\"elementor-button-text\">SEE ALL<\/span>\n\t\t\t\t\t<\/span>\n\t\t\t\t\t<\/a>\n\t\t\t\t<\/div>\n\t\t\t\t\t\t\t\t<\/div>\n\t\t\t\t<\/div>\n\t\t\t\t<\/div>\n\t\t\t\t<div class=\"elementor-element elementor-element-9b02111 elementor-widget elementor-widget-heading\" data-id=\"9b02111\" data-element_type=\"widget\" data-e-type=\"widget\" data-widget_type=\"heading.default\">\n\t\t\t\t<div class=\"elementor-widget-container\">\n\t\t\t\t\t<h2 class=\"elementor-heading-title elementor-size-default\">NIS Application Trends 2025<\/h2>\t\t\t\t<\/div>\n\t\t\t\t<\/div>\n\t\t<div class=\"elementor-element elementor-element-512e21e e-con-full e-flex e-con e-child\" data-id=\"512e21e\" data-element_type=\"container\" data-e-type=\"container\" data-settings=\"{&quot;jet_parallax_layout_list&quot;:[],&quot;background_background&quot;:&quot;classic&quot;}\">\n\t\t\t\t<div class=\"elementor-element elementor-element-65b0e0a elementor-widget elementor-widget-image\" data-id=\"65b0e0a\" data-element_type=\"widget\" data-e-type=\"widget\" data-widget_type=\"image.default\">\n\t\t\t\t<div class=\"elementor-widget-container\">\n\t\t\t\t\t\t\t\t\t\t\t\t\t\t\t<img decoding=\"async\" src=\"https:\/\/nisummit.com.br\/wp-content\/uploads\/elementor\/thumbs\/NIS2025-160425-12h36-DC6_5646-r4igc7vd4o1qi5e0jbaz3ua71sfrt38e50s5ndvls6.jpg\" title=\"NIS2025\u2013160425\u201312:36\u2032-DC6_5646\" alt=\"NIS2025--160425--12h36&#039;-DC6_5646\" loading=\"lazy\" \/>\t\t\t\t\t\t\t\t\t\t\t\t\t\t\t<\/div>\n\t\t\t\t<\/div>\n\t\t\t\t<div class=\"elementor-element elementor-element-b7ade93 elementor-widget elementor-widget-image\" data-id=\"b7ade93\" data-element_type=\"widget\" data-e-type=\"widget\" data-widget_type=\"image.default\">\n\t\t\t\t<div class=\"elementor-widget-container\">\n\t\t\t\t\t\t\t\t\t\t\t\t\t\t\t<img decoding=\"async\" src=\"https:\/\/nisummit.com.br\/wp-content\/uploads\/elementor\/thumbs\/NIS2025-160425-12h05-DC6_5602-r4igbwlaunmamtued6fg9x4nx5zd8pzm3gybw2cbuu.jpg\" title=\"NIS2025\u2013160425\u201312:05\u2032-DC6_5602\" alt=\"NIS2025--160425--12h05&#039;-DC6_5602\" loading=\"lazy\" \/>\t\t\t\t\t\t\t\t\t\t\t\t\t\t\t<\/div>\n\t\t\t\t<\/div>\n\t\t\t\t<div class=\"elementor-element elementor-element-870e6c9 elementor-widget elementor-widget-image\" data-id=\"870e6c9\" data-element_type=\"widget\" data-e-type=\"widget\" data-widget_type=\"image.default\">\n\t\t\t\t<div class=\"elementor-widget-container\">\n\t\t\t\t\t\t\t\t\t\t\t\t\t\t\t<img decoding=\"async\" src=\"https:\/\/nisummit.com.br\/wp-content\/uploads\/elementor\/thumbs\/NIS2025-160425-14h14-_MG_0971-r4ig4wojz21g7c0b85jfpop4pwgzxu7jsu479wpu6e.jpg\" title=\"NIS2025\u2013160425\u201314:14\u2032-_MG_0971\" alt=\"NIS2025--160425--14h14&#039;-_MG_0971\" loading=\"lazy\" \/>\t\t\t\t\t\t\t\t\t\t\t\t\t\t\t<\/div>\n\t\t\t\t<\/div>\n\t\t\t\t<div class=\"elementor-element elementor-element-3fa551a elementor-widget elementor-widget-image\" data-id=\"3fa551a\" data-element_type=\"widget\" data-e-type=\"widget\" data-widget_type=\"image.default\">\n\t\t\t\t<div class=\"elementor-widget-container\">\n\t\t\t\t\t\t\t\t\t\t\t\t\t\t\t<img decoding=\"async\" src=\"https:\/\/nisummit.com.br\/wp-content\/uploads\/elementor\/thumbs\/NIS2025-160425-17h36-_NEW6608-r4ig8iea66z0pirw6ply9ryqp2png2iiao57i3dibq.jpg\" title=\"NIS2025\u2013160425\u201317h36\u2032-_NEW6608\" alt=\"NIS2025--160425--17h36&#039;-_NEW6608\" loading=\"lazy\" \/>\t\t\t\t\t\t\t\t\t\t\t\t\t\t\t<\/div>\n\t\t\t\t<\/div>\n\t\t\t\t<div class=\"elementor-element elementor-element-24925d4 elementor-align-center elementor-widget elementor-widget-button\" data-id=\"24925d4\" data-element_type=\"widget\" data-e-type=\"widget\" data-widget_type=\"button.default\">\n\t\t\t\t<div class=\"elementor-widget-container\">\n\t\t\t\t\t\t\t\t\t<div class=\"elementor-button-wrapper\">\n\t\t\t\t\t<a class=\"elementor-button elementor-button-link elementor-size-sm elementor-animation-grow\" href=\"https:\/\/nisummit.com.br\/en\/galeria-center-2025\/nis-application-trends-2025\/\">\n\t\t\t\t\t\t<span class=\"elementor-button-content-wrapper\">\n\t\t\t\t\t\t\t\t\t<span class=\"elementor-button-text\">SEE ALL<\/span>\n\t\t\t\t\t<\/span>\n\t\t\t\t\t<\/a>\n\t\t\t\t<\/div>\n\t\t\t\t\t\t\t\t<\/div>\n\t\t\t\t<\/div>\n\t\t\t\t<\/div>\n\t\t\t\t<div class=\"elementor-element elementor-element-87441bd elementor-widget elementor-widget-heading\" data-id=\"87441bd\" data-element_type=\"widget\" data-e-type=\"widget\" data-widget_type=\"heading.default\">\n\t\t\t\t<div class=\"elementor-widget-container\">\n\t\t\t\t\t<h2 class=\"elementor-heading-title elementor-size-default\">NIS INNOVATION ZONE 2025<\/h2>\t\t\t\t<\/div>\n\t\t\t\t<\/div>\n\t\t<div class=\"elementor-element elementor-element-3780dd2 e-con-full e-flex e-con e-child\" data-id=\"3780dd2\" data-element_type=\"container\" data-e-type=\"container\" data-settings=\"{&quot;jet_parallax_layout_list&quot;:[],&quot;background_background&quot;:&quot;classic&quot;}\">\n\t\t\t\t<div class=\"elementor-element elementor-element-d9ef568 elementor-widget elementor-widget-image\" data-id=\"d9ef568\" data-element_type=\"widget\" data-e-type=\"widget\" data-widget_type=\"image.default\">\n\t\t\t\t<div class=\"elementor-widget-container\">\n\t\t\t\t\t\t\t\t\t\t\t\t\t\t\t<img decoding=\"async\" src=\"https:\/\/nisummit.com.br\/wp-content\/uploads\/elementor\/thumbs\/NIS2025-150425-11h05-_MG_8850-r4ihdteyi3imwmrwzkdqucpygn4bp8hvb47cpu4ow6.jpg\" title=\"NIS2025\u2013150425\u201311:05\u2032-_MG_8850\" alt=\"NIS2025--150425--11h05&#039;-_MG_8850\" loading=\"lazy\" \/>\t\t\t\t\t\t\t\t\t\t\t\t\t\t\t<\/div>\n\t\t\t\t<\/div>\n\t\t\t\t<div class=\"elementor-element elementor-element-e99de8f elementor-widget elementor-widget-image\" data-id=\"e99de8f\" data-element_type=\"widget\" data-e-type=\"widget\" data-widget_type=\"image.default\">\n\t\t\t\t<div class=\"elementor-widget-container\">\n\t\t\t\t\t\t\t\t\t\t\t\t\t\t\t<img decoding=\"async\" src=\"https:\/\/nisummit.com.br\/wp-content\/uploads\/elementor\/thumbs\/NIS2025-150425-11h04-_MG_8844-r4ihd4z5kel6irrey9tg1ivz0mgs53sujr8q8n4xdy.jpg\" title=\"NIS2025\u2013150425\u201311:04\u2032-_MG_8844\" alt=\"NIS2025--150425--11h04&#039;-_MG_8844\" loading=\"lazy\" \/>\t\t\t\t\t\t\t\t\t\t\t\t\t\t\t<\/div>\n\t\t\t\t<\/div>\n\t\t\t\t<div class=\"elementor-element elementor-element-52caaff elementor-widget elementor-widget-image\" data-id=\"52caaff\" data-element_type=\"widget\" data-e-type=\"widget\" data-widget_type=\"image.default\">\n\t\t\t\t<div class=\"elementor-widget-container\">\n\t\t\t\t\t\t\t\t\t\t\t\t\t\t\t<img decoding=\"async\" src=\"https:\/\/nisummit.com.br\/wp-content\/uploads\/elementor\/thumbs\/NIS2025-150425-11h01-_MG_8811-r4ihaizakz0i9rjy756r46lvm3c2rdfouu068z0ao6.jpg\" title=\"NIS2025\u2013150425\u201311:01\u2032-_MG_8811\" alt=\"NIS2025--150425--11h01&#039;-_MG_8811\" loading=\"lazy\" \/>\t\t\t\t\t\t\t\t\t\t\t\t\t\t\t<\/div>\n\t\t\t\t<\/div>\n\t\t\t\t<div class=\"elementor-element elementor-element-afb897c elementor-widget elementor-widget-image\" data-id=\"afb897c\" data-element_type=\"widget\" data-e-type=\"widget\" data-widget_type=\"image.default\">\n\t\t\t\t<div class=\"elementor-widget-container\">\n\t\t\t\t\t\t\t\t\t\t\t\t\t\t\t<img decoding=\"async\" src=\"https:\/\/nisummit.com.br\/wp-content\/uploads\/elementor\/thumbs\/NIS2025-150425-10h55-_MG_8778-r4ih78jmnuidmwbzepzre0hsrjjttidiejszs3vwg6.jpg\" title=\"NIS2025\u2013150425\u201310:55\u2032-_MG_8778\" alt=\"NIS2025--150425--10h55&#039;-_MG_8778\" loading=\"lazy\" \/>\t\t\t\t\t\t\t\t\t\t\t\t\t\t\t<\/div>\n\t\t\t\t<\/div>\n\t\t\t\t<div class=\"elementor-element elementor-element-b2423f4 elementor-align-center elementor-widget elementor-widget-button\" data-id=\"b2423f4\" data-element_type=\"widget\" data-e-type=\"widget\" data-widget_type=\"button.default\">\n\t\t\t\t<div class=\"elementor-widget-container\">\n\t\t\t\t\t\t\t\t\t<div class=\"elementor-button-wrapper\">\n\t\t\t\t\t<a class=\"elementor-button elementor-button-link elementor-size-sm elementor-animation-grow\" href=\"https:\/\/nisummit.com.br\/en\/galeria-center-2025\/innovation-zone-2025\/\">\n\t\t\t\t\t\t<span class=\"elementor-button-content-wrapper\">\n\t\t\t\t\t\t\t\t\t<span class=\"elementor-button-text\">SEE ALL<\/span>\n\t\t\t\t\t<\/span>\n\t\t\t\t\t<\/a>\n\t\t\t\t<\/div>\n\t\t\t\t\t\t\t\t<\/div>\n\t\t\t\t<\/div>\n\t\t\t\t<\/div>\n\t\t\t\t\t<\/div>\n\t\t\t\t<\/div>\n\t\t\t\t<\/div>","protected":false},"excerpt":{"rendered":"<p>NIS 2025 Galeria Center GALERIA CENTER Confira os melhores momentos do NIS SUMMIT 2025 NIS PRESENCIAL 2025 VER TODAS NIS CONFERENCE 2025 VER TODAS PR\u00caMIO NIS A\u00c7A\u00cd DE OURO 2025 VER TODAS NIS APPLICATION TRENDS 2025 VER TODAS NIS INNOVATION ZONE 2025 VER TODAS<\/p>","protected":false},"author":1,"featured_media":0,"parent":0,"menu_order":0,"comment_status":"closed","ping_status":"closed","template":"","meta":{"footnotes":""},"class_list":["post-9245","page","type-page","status-publish","hentry"],"_links":{"self":[{"href":"https:\/\/nisummit.com.br\/en\/wp-json\/wp\/v2\/pages\/9245","targetHints":{"allow":["GET"]}}],"collection":[{"href":"https:\/\/nisummit.com.br\/en\/wp-json\/wp\/v2\/pages"}],"about":[{"href":"https:\/\/nisummit.com.br\/en\/wp-json\/wp\/v2\/types\/page"}],"author":[{"embeddable":true,"href":"https:\/\/nisummit.com.br\/en\/wp-json\/wp\/v2\/users\/1"}],"replies":[{"embeddable":true,"href":"https:\/\/nisummit.com.br\/en\/wp-json\/wp\/v2\/comments?post=9245"}],"version-history":[{"count":13,"href":"https:\/\/nisummit.com.br\/en\/wp-json\/wp\/v2\/pages\/9245\/revisions"}],"predecessor-version":[{"id":10732,"href":"https:\/\/nisummit.com.br\/en\/wp-json\/wp\/v2\/pages\/9245\/revisions\/10732"}],"wp:attachment":[{"href":"https:\/\/nisummit.com.br\/en\/wp-json\/wp\/v2\/media?parent=9245"}],"curies":[{"name":"wp","href":"https:\/\/api.w.org\/{rel}","templated":true}]}}