{"id":9315,"date":"2025-04-17T21:55:42","date_gmt":"2025-04-18T00:55:42","guid":{"rendered":"https:\/\/nis.dev3k.com.br\/?page_id=9315"},"modified":"2025-04-17T22:15:46","modified_gmt":"2025-04-18T01:15:46","slug":"premio-nis-acai-de-ouro-2025","status":"publish","type":"page","link":"https:\/\/nisummit.com.br\/en\/galeria-center-2025\/premio-nis-acai-de-ouro-2025\/","title":{"rendered":"NIS Golden Acai Award 2025"},"content":{"rendered":"<div data-elementor-type=\"wp-page\" data-elementor-id=\"9315\" class=\"elementor elementor-9315\" data-elementor-post-type=\"page\">\n\t\t\t\t\t\t<section class=\"elementor-section elementor-top-section elementor-element elementor-element-ea538aa elementor-section-height-min-height elementor-section-boxed elementor-section-height-default elementor-section-items-middle\" data-id=\"ea538aa\" data-element_type=\"section\" data-e-type=\"section\" data-settings=\"{&quot;jet_parallax_layout_list&quot;:[],&quot;background_background&quot;:&quot;classic&quot;}\">\n\t\t\t\t\t\t\t<div class=\"elementor-background-overlay\"><\/div>\n\t\t\t\t\t\t\t<div class=\"elementor-container elementor-column-gap-default\">\n\t\t\t\t\t<div class=\"elementor-column elementor-col-100 elementor-top-column elementor-element elementor-element-790a0b9\" data-id=\"790a0b9\" data-element_type=\"column\" data-e-type=\"column\">\n\t\t\t<div class=\"elementor-widget-wrap\">\n\t\t\t\t\t\t\t<\/div>\n\t\t<\/div>\n\t\t\t\t\t<\/div>\n\t\t<\/section>\n\t\t\t\t<section class=\"elementor-section elementor-top-section elementor-element elementor-element-d7f6939 elementor-section-full_width elementor-section-height-default elementor-section-height-default\" data-id=\"d7f6939\" data-element_type=\"section\" data-e-type=\"section\" data-settings=\"{&quot;jet_parallax_layout_list&quot;:[]}\">\n\t\t\t\t\t\t<div class=\"elementor-container elementor-column-gap-default\">\n\t\t\t\t\t<div class=\"elementor-column elementor-col-100 elementor-top-column elementor-element elementor-element-6332dfa\" data-id=\"6332dfa\" data-element_type=\"column\" data-e-type=\"column\">\n\t\t\t<div class=\"elementor-widget-wrap elementor-element-populated\">\n\t\t\t\t\t\t<div class=\"elementor-element elementor-element-085d1d7 elementor-widget elementor-widget-button\" data-id=\"085d1d7\" data-element_type=\"widget\" data-e-type=\"widget\" data-widget_type=\"button.default\">\n\t\t\t\t<div class=\"elementor-widget-container\">\n\t\t\t\t\t\t\t\t\t<div class=\"elementor-button-wrapper\">\n\t\t\t\t\t<a class=\"elementor-button elementor-button-link elementor-size-sm elementor-animation-grow\" href=\"https:\/\/nisummit.com.br\/en\/galeria-center-2025\/\">\n\t\t\t\t\t\t<span class=\"elementor-button-content-wrapper\">\n\t\t\t\t\t\t<span class=\"elementor-button-icon\">\n\t\t\t\t<svg aria-hidden=\"true\" class=\"e-font-icon-svg e-fas-long-arrow-alt-left\" viewbox=\"0 0 448 512\" xmlns=\"http:\/\/www.w3.org\/2000\/svg\"><path d=\"M134.059 296H436c6.627 0 12-5.373 12-12v-56c0-6.627-5.373-12-12-12H134.059v-46.059c0-21.382-25.851-32.09-40.971-16.971L7.029 239.029c-9.373 9.373-9.373 24.569 0 33.941l86.059 86.059c15.119 15.119 40.971 4.411 40.971-16.971V296z\"><\/path><\/svg>\t\t\t<\/span>\n\t\t\t\t\t\t\t\t\t<span class=\"elementor-button-text\">Back to photo gallery<\/span>\n\t\t\t\t\t<\/span>\n\t\t\t\t\t<\/a>\n\t\t\t\t<\/div>\n\t\t\t\t\t\t\t\t<\/div>\n\t\t\t\t<\/div>\n\t\t\t\t\t<\/div>\n\t\t<\/div>\n\t\t\t\t\t<\/div>\n\t\t<\/section>\n\t\t\t\t<section class=\"elementor-section elementor-top-section elementor-element elementor-element-b78de04 elementor-section-boxed elementor-section-height-default elementor-section-height-default\" data-id=\"b78de04\" data-element_type=\"section\" data-e-type=\"section\" data-settings=\"{&quot;jet_parallax_layout_list&quot;:[]}\">\n\t\t\t\t\t\t<div class=\"elementor-container elementor-column-gap-default\">\n\t\t\t\t\t<div class=\"elementor-column elementor-col-100 elementor-top-column elementor-element elementor-element-c0c0eba\" data-id=\"c0c0eba\" data-element_type=\"column\" data-e-type=\"column\">\n\t\t\t<div class=\"elementor-widget-wrap elementor-element-populated\">\n\t\t\t\t\t\t<div class=\"elementor-element elementor-element-7f38921 elementor-widget__width-initial elementor-widget elementor-widget-heading\" data-id=\"7f38921\" data-element_type=\"widget\" data-e-type=\"widget\" data-widget_type=\"heading.default\">\n\t\t\t\t<div class=\"elementor-widget-container\">\n\t\t\t\t\t<h2 class=\"elementor-heading-title elementor-size-default\">BEST MOMENTS 2025<\/h2>\t\t\t\t<\/div>\n\t\t\t\t<\/div>\n\t\t\t\t<div class=\"elementor-element elementor-element-aa3fc22 elementor-widget__width-initial elementor-widget elementor-widget-heading\" data-id=\"aa3fc22\" data-element_type=\"widget\" data-e-type=\"widget\" data-widget_type=\"heading.default\">\n\t\t\t\t<div class=\"elementor-widget-container\">\n\t\t\t\t\t<h2 class=\"elementor-heading-title elementor-size-default\">NIS Golden Acai Award<\/h2>\t\t\t\t<\/div>\n\t\t\t\t<\/div>\n\t\t\t\t\t<\/div>\n\t\t<\/div>\n\t\t\t\t\t<\/div>\n\t\t<\/section>\n\t\t\t\t<section class=\"elementor-section elementor-top-section elementor-element elementor-element-038cf4a elementor-section-full_width elementor-section-height-default elementor-section-height-default\" data-id=\"038cf4a\" data-element_type=\"section\" data-e-type=\"section\" data-settings=\"{&quot;jet_parallax_layout_list&quot;:[]}\">\n\t\t\t\t\t\t<div class=\"elementor-container elementor-column-gap-default\">\n\t\t\t\t\t<div class=\"elementor-column elementor-col-100 elementor-top-column elementor-element elementor-element-e417543\" data-id=\"e417543\" data-element_type=\"column\" data-e-type=\"column\">\n\t\t\t<div class=\"elementor-widget-wrap elementor-element-populated\">\n\t\t\t\t\t\t<div class=\"elementor-element elementor-element-7e35213 elementor-widget elementor-widget-gallery\" data-id=\"7e35213\" data-element_type=\"widget\" data-e-type=\"widget\" data-settings=\"{&quot;gap&quot;:{&quot;unit&quot;:&quot;px&quot;,&quot;size&quot;:15,&quot;sizes&quot;:[]},&quot;image_hover_animation&quot;:&quot;grow&quot;,&quot;gallery_layout&quot;:&quot;masonry&quot;,&quot;columns&quot;:4,&quot;columns_tablet&quot;:2,&quot;columns_mobile&quot;:1,&quot;gap_widescreen&quot;:{&quot;unit&quot;:&quot;px&quot;,&quot;size&quot;:&quot;&quot;,&quot;sizes&quot;:[]},&quot;gap_laptop&quot;:{&quot;unit&quot;:&quot;px&quot;,&quot;size&quot;:10,&quot;sizes&quot;:[]},&quot;gap_tablet_extra&quot;:{&quot;unit&quot;:&quot;px&quot;,&quot;size&quot;:10,&quot;sizes&quot;:[]},&quot;gap_tablet&quot;:{&quot;unit&quot;:&quot;px&quot;,&quot;size&quot;:10,&quot;sizes&quot;:[]},&quot;gap_mobile_extra&quot;:{&quot;unit&quot;:&quot;px&quot;,&quot;size&quot;:10,&quot;sizes&quot;:[]},&quot;gap_mobile&quot;:{&quot;unit&quot;:&quot;px&quot;,&quot;size&quot;:10,&quot;sizes&quot;:[]},&quot;link_to&quot;:&quot;file&quot;}\" data-widget_type=\"gallery.default\">\n\t\t\t\t<div class=\"elementor-widget-container\">\n\t\t\t\t\t\t\t<div class=\"elementor-gallery__container\">\n\t\t\t\t\t\t\t<a class=\"e-gallery-item elementor-gallery-item elementor-animated-content\" href=\"https:\/\/nisummit.com.br\/wp-content\/uploads\/2025\/04\/NIS2025-150425-19h19-_MG_0116.jpg\" data-elementor-open-lightbox=\"yes\" data-elementor-lightbox-slideshow=\"7e35213\" data-elementor-lightbox-title=\"NIS2025--150425--19h19&#039;-_MG_0116\" data-e-action-hash=\"#elementor-action%3Aaction%3Dlightbox%26settings%3DeyJpZCI6OTMzMCwidXJsIjoiaHR0cHM6XC9cL25pc3VtbWl0LmNvbS5iclwvd3AtY29udGVudFwvdXBsb2Fkc1wvMjAyNVwvMDRcL05JUzIwMjUtMTUwNDI1LTE5aDE5LV9NR18wMTE2LmpwZyIsInNsaWRlc2hvdyI6IjdlMzUyMTMifQ%3D%3D\">\n\t\t\t\t\t<div class=\"e-gallery-image elementor-gallery-item__image\" data-thumbnail=\"https:\/\/nisummit.com.br\/wp-content\/uploads\/2025\/04\/NIS2025-150425-19h19-_MG_0116.jpg\" data-width=\"1600\" data-height=\"1067\" aria-label=\"\" role=\"img\" ><\/div>\n\t\t\t\t\t\t\t\t\t\t\t\t\t\t<\/a>\n\t\t\t\t\t\t\t<a class=\"e-gallery-item elementor-gallery-item elementor-animated-content\" href=\"https:\/\/nisummit.com.br\/wp-content\/uploads\/2025\/04\/NIS2025-150425-20h29-_NEW5061.jpg\" data-elementor-open-lightbox=\"yes\" data-elementor-lightbox-slideshow=\"7e35213\" data-elementor-lightbox-title=\"NIS2025--150425--20h29&#039;-_NEW5061\" data-e-action-hash=\"#elementor-action%3Aaction%3Dlightbox%26settings%3DeyJpZCI6OTMyNSwidXJsIjoiaHR0cHM6XC9cL25pc3VtbWl0LmNvbS5iclwvd3AtY29udGVudFwvdXBsb2Fkc1wvMjAyNVwvMDRcL05JUzIwMjUtMTUwNDI1LTIwaDI5LV9ORVc1MDYxLmpwZyIsInNsaWRlc2hvdyI6IjdlMzUyMTMifQ%3D%3D\">\n\t\t\t\t\t<div class=\"e-gallery-image elementor-gallery-item__image\" data-thumbnail=\"https:\/\/nisummit.com.br\/wp-content\/uploads\/2025\/04\/NIS2025-150425-20h29-_NEW5061.jpg\" data-width=\"1600\" data-height=\"1067\" aria-label=\"\" role=\"img\" ><\/div>\n\t\t\t\t\t\t\t\t\t\t\t\t\t\t<\/a>\n\t\t\t\t\t\t\t<a class=\"e-gallery-item elementor-gallery-item elementor-animated-content\" href=\"https:\/\/nisummit.com.br\/wp-content\/uploads\/2025\/04\/NIS2025-150425-20h26-_NEW5045.jpg\" data-elementor-open-lightbox=\"yes\" data-elementor-lightbox-slideshow=\"7e35213\" data-elementor-lightbox-title=\"NIS2025--150425--20h26&#039;-_NEW5045\" data-e-action-hash=\"#elementor-action%3Aaction%3Dlightbox%26settings%3DeyJpZCI6OTMyNCwidXJsIjoiaHR0cHM6XC9cL25pc3VtbWl0LmNvbS5iclwvd3AtY29udGVudFwvdXBsb2Fkc1wvMjAyNVwvMDRcL05JUzIwMjUtMTUwNDI1LTIwaDI2LV9ORVc1MDQ1LmpwZyIsInNsaWRlc2hvdyI6IjdlMzUyMTMifQ%3D%3D\">\n\t\t\t\t\t<div class=\"e-gallery-image elementor-gallery-item__image\" data-thumbnail=\"https:\/\/nisummit.com.br\/wp-content\/uploads\/2025\/04\/NIS2025-150425-20h26-_NEW5045.jpg\" data-width=\"1600\" data-height=\"1067\" aria-label=\"\" role=\"img\" ><\/div>\n\t\t\t\t\t\t\t\t\t\t\t\t\t\t<\/a>\n\t\t\t\t\t\t\t<a class=\"e-gallery-item elementor-gallery-item elementor-animated-content\" href=\"https:\/\/nisummit.com.br\/wp-content\/uploads\/2025\/04\/NIS2025-150425-20h49-_NEW5184.jpg\" data-elementor-open-lightbox=\"yes\" data-elementor-lightbox-slideshow=\"7e35213\" data-elementor-lightbox-title=\"NIS2025--150425--20h49&#039;-_NEW5184\" data-e-action-hash=\"#elementor-action%3Aaction%3Dlightbox%26settings%3DeyJpZCI6OTMzNCwidXJsIjoiaHR0cHM6XC9cL25pc3VtbWl0LmNvbS5iclwvd3AtY29udGVudFwvdXBsb2Fkc1wvMjAyNVwvMDRcL05JUzIwMjUtMTUwNDI1LTIwaDQ5LV9ORVc1MTg0LmpwZyIsInNsaWRlc2hvdyI6IjdlMzUyMTMifQ%3D%3D\">\n\t\t\t\t\t<div class=\"e-gallery-image elementor-gallery-item__image\" data-thumbnail=\"https:\/\/nisummit.com.br\/wp-content\/uploads\/2025\/04\/NIS2025-150425-20h49-_NEW5184.jpg\" data-width=\"1600\" data-height=\"1067\" aria-label=\"\" role=\"img\" ><\/div>\n\t\t\t\t\t\t\t\t\t\t\t\t\t\t<\/a>\n\t\t\t\t\t\t\t<a class=\"e-gallery-item elementor-gallery-item elementor-animated-content\" href=\"https:\/\/nisummit.com.br\/wp-content\/uploads\/2025\/04\/NIS2025-150425-19h34-_MG_0125-1.jpg\" data-elementor-open-lightbox=\"yes\" data-elementor-lightbox-slideshow=\"7e35213\" data-elementor-lightbox-title=\"NIS2025--150425--19h34&#039;-_MG_0125\" data-e-action-hash=\"#elementor-action%3Aaction%3Dlightbox%26settings%3DeyJpZCI6OTMzMSwidXJsIjoiaHR0cHM6XC9cL25pc3VtbWl0LmNvbS5iclwvd3AtY29udGVudFwvdXBsb2Fkc1wvMjAyNVwvMDRcL05JUzIwMjUtMTUwNDI1LTE5aDM0LV9NR18wMTI1LTEuanBnIiwic2xpZGVzaG93IjoiN2UzNTIxMyJ9\">\n\t\t\t\t\t<div class=\"e-gallery-image elementor-gallery-item__image\" data-thumbnail=\"https:\/\/nisummit.com.br\/wp-content\/uploads\/2025\/04\/NIS2025-150425-19h34-_MG_0125-1.jpg\" data-width=\"1600\" data-height=\"1067\" aria-label=\"\" role=\"img\" ><\/div>\n\t\t\t\t\t\t\t\t\t\t\t\t\t\t<\/a>\n\t\t\t\t\t\t\t<a class=\"e-gallery-item elementor-gallery-item elementor-animated-content\" href=\"https:\/\/nisummit.com.br\/wp-content\/uploads\/2025\/04\/NIS2025-150425-20h20-_NEW5012.jpg\" data-elementor-open-lightbox=\"yes\" data-elementor-lightbox-slideshow=\"7e35213\" data-elementor-lightbox-title=\"NIS2025--150425--20h20&#039;-_NEW5012\" data-e-action-hash=\"#elementor-action%3Aaction%3Dlightbox%26settings%3DeyJpZCI6OTMyMywidXJsIjoiaHR0cHM6XC9cL25pc3VtbWl0LmNvbS5iclwvd3AtY29udGVudFwvdXBsb2Fkc1wvMjAyNVwvMDRcL05JUzIwMjUtMTUwNDI1LTIwaDIwLV9ORVc1MDEyLmpwZyIsInNsaWRlc2hvdyI6IjdlMzUyMTMifQ%3D%3D\">\n\t\t\t\t\t<div class=\"e-gallery-image elementor-gallery-item__image\" data-thumbnail=\"https:\/\/nisummit.com.br\/wp-content\/uploads\/2025\/04\/NIS2025-150425-20h20-_NEW5012.jpg\" data-width=\"1600\" data-height=\"1067\" aria-label=\"\" role=\"img\" ><\/div>\n\t\t\t\t\t\t\t\t\t\t\t\t\t\t<\/a>\n\t\t\t\t\t\t\t<a class=\"e-gallery-item elementor-gallery-item elementor-animated-content\" href=\"https:\/\/nisummit.com.br\/wp-content\/uploads\/2025\/04\/NIS2025-150425-20h19-_NEW5008.jpg\" data-elementor-open-lightbox=\"yes\" data-elementor-lightbox-slideshow=\"7e35213\" data-elementor-lightbox-title=\"NIS2025--150425--20h19&#039;-_NEW5008\" data-e-action-hash=\"#elementor-action%3Aaction%3Dlightbox%26settings%3DeyJpZCI6OTMyMiwidXJsIjoiaHR0cHM6XC9cL25pc3VtbWl0LmNvbS5iclwvd3AtY29udGVudFwvdXBsb2Fkc1wvMjAyNVwvMDRcL05JUzIwMjUtMTUwNDI1LTIwaDE5LV9ORVc1MDA4LmpwZyIsInNsaWRlc2hvdyI6IjdlMzUyMTMifQ%3D%3D\">\n\t\t\t\t\t<div class=\"e-gallery-image elementor-gallery-item__image\" data-thumbnail=\"https:\/\/nisummit.com.br\/wp-content\/uploads\/2025\/04\/NIS2025-150425-20h19-_NEW5008.jpg\" data-width=\"1600\" data-height=\"1067\" aria-label=\"\" role=\"img\" ><\/div>\n\t\t\t\t\t\t\t\t\t\t\t\t\t\t<\/a>\n\t\t\t\t\t\t\t<a class=\"e-gallery-item elementor-gallery-item elementor-animated-content\" href=\"https:\/\/nisummit.com.br\/wp-content\/uploads\/2025\/04\/NIS2025-150425-20h58-_NEW5261.jpg\" data-elementor-open-lightbox=\"yes\" data-elementor-lightbox-slideshow=\"7e35213\" data-elementor-lightbox-title=\"NIS2025--150425--20h58&#039;-_NEW5261\" data-e-action-hash=\"#elementor-action%3Aaction%3Dlightbox%26settings%3DeyJpZCI6OTMzNSwidXJsIjoiaHR0cHM6XC9cL25pc3VtbWl0LmNvbS5iclwvd3AtY29udGVudFwvdXBsb2Fkc1wvMjAyNVwvMDRcL05JUzIwMjUtMTUwNDI1LTIwaDU4LV9ORVc1MjYxLmpwZyIsInNsaWRlc2hvdyI6IjdlMzUyMTMifQ%3D%3D\">\n\t\t\t\t\t<div class=\"e-gallery-image elementor-gallery-item__image\" data-thumbnail=\"https:\/\/nisummit.com.br\/wp-content\/uploads\/2025\/04\/NIS2025-150425-20h58-_NEW5261.jpg\" data-width=\"1600\" data-height=\"1067\" aria-label=\"\" role=\"img\" ><\/div>\n\t\t\t\t\t\t\t\t\t\t\t\t\t\t<\/a>\n\t\t\t\t\t\t\t<a class=\"e-gallery-item elementor-gallery-item elementor-animated-content\" href=\"https:\/\/nisummit.com.br\/wp-content\/uploads\/2025\/04\/NIS2025-150425-20h08-_MG_0215.jpg\" data-elementor-open-lightbox=\"yes\" data-elementor-lightbox-slideshow=\"7e35213\" data-elementor-lightbox-title=\"NIS2025--150425--20h08&#039;-_MG_0215\" data-e-action-hash=\"#elementor-action%3Aaction%3Dlightbox%26settings%3DeyJpZCI6OTMyMCwidXJsIjoiaHR0cHM6XC9cL25pc3VtbWl0LmNvbS5iclwvd3AtY29udGVudFwvdXBsb2Fkc1wvMjAyNVwvMDRcL05JUzIwMjUtMTUwNDI1LTIwaDA4LV9NR18wMjE1LmpwZyIsInNsaWRlc2hvdyI6IjdlMzUyMTMifQ%3D%3D\">\n\t\t\t\t\t<div class=\"e-gallery-image elementor-gallery-item__image\" data-thumbnail=\"https:\/\/nisummit.com.br\/wp-content\/uploads\/2025\/04\/NIS2025-150425-20h08-_MG_0215.jpg\" data-width=\"1600\" data-height=\"1067\" aria-label=\"\" role=\"img\" ><\/div>\n\t\t\t\t\t\t\t\t\t\t\t\t\t\t<\/a>\n\t\t\t\t\t\t\t<a class=\"e-gallery-item elementor-gallery-item elementor-animated-content\" href=\"https:\/\/nisummit.com.br\/wp-content\/uploads\/2025\/04\/NIS2025-150425-20h35-_NEW5099.jpg\" data-elementor-open-lightbox=\"yes\" data-elementor-lightbox-slideshow=\"7e35213\" data-elementor-lightbox-title=\"NIS2025--150425--20h35&#039;-_NEW5099\" data-e-action-hash=\"#elementor-action%3Aaction%3Dlightbox%26settings%3DeyJpZCI6OTMyOSwidXJsIjoiaHR0cHM6XC9cL25pc3VtbWl0LmNvbS5iclwvd3AtY29udGVudFwvdXBsb2Fkc1wvMjAyNVwvMDRcL05JUzIwMjUtMTUwNDI1LTIwaDM1LV9ORVc1MDk5LmpwZyIsInNsaWRlc2hvdyI6IjdlMzUyMTMifQ%3D%3D\">\n\t\t\t\t\t<div class=\"e-gallery-image elementor-gallery-item__image\" data-thumbnail=\"https:\/\/nisummit.com.br\/wp-content\/uploads\/2025\/04\/NIS2025-150425-20h35-_NEW5099.jpg\" data-width=\"1600\" data-height=\"1067\" aria-label=\"\" role=\"img\" ><\/div>\n\t\t\t\t\t\t\t\t\t\t\t\t\t\t<\/a>\n\t\t\t\t\t\t\t<a class=\"e-gallery-item elementor-gallery-item elementor-animated-content\" href=\"https:\/\/nisummit.com.br\/wp-content\/uploads\/2025\/04\/NIS2025-150425-20h17-_NEW5001.jpg\" data-elementor-open-lightbox=\"yes\" data-elementor-lightbox-slideshow=\"7e35213\" data-elementor-lightbox-title=\"NIS2025--150425--20h17&#039;-_NEW5001\" data-e-action-hash=\"#elementor-action%3Aaction%3Dlightbox%26settings%3DeyJpZCI6OTMyMSwidXJsIjoiaHR0cHM6XC9cL25pc3VtbWl0LmNvbS5iclwvd3AtY29udGVudFwvdXBsb2Fkc1wvMjAyNVwvMDRcL05JUzIwMjUtMTUwNDI1LTIwaDE3LV9ORVc1MDAxLmpwZyIsInNsaWRlc2hvdyI6IjdlMzUyMTMifQ%3D%3D\">\n\t\t\t\t\t<div class=\"e-gallery-image elementor-gallery-item__image\" data-thumbnail=\"https:\/\/nisummit.com.br\/wp-content\/uploads\/2025\/04\/NIS2025-150425-20h17-_NEW5001.jpg\" data-width=\"1600\" data-height=\"1067\" aria-label=\"\" role=\"img\" ><\/div>\n\t\t\t\t\t\t\t\t\t\t\t\t\t\t<\/a>\n\t\t\t\t\t\t\t<a class=\"e-gallery-item elementor-gallery-item elementor-animated-content\" href=\"https:\/\/nisummit.com.br\/wp-content\/uploads\/2025\/04\/NIS2025-150425-20h48-DC6_5127.jpg\" data-elementor-open-lightbox=\"yes\" data-elementor-lightbox-slideshow=\"7e35213\" data-elementor-lightbox-title=\"NIS2025--150425--20h48&#039;-DC6_5127\" data-e-action-hash=\"#elementor-action%3Aaction%3Dlightbox%26settings%3DeyJpZCI6OTMzMywidXJsIjoiaHR0cHM6XC9cL25pc3VtbWl0LmNvbS5iclwvd3AtY29udGVudFwvdXBsb2Fkc1wvMjAyNVwvMDRcL05JUzIwMjUtMTUwNDI1LTIwaDQ4LURDNl81MTI3LmpwZyIsInNsaWRlc2hvdyI6IjdlMzUyMTMifQ%3D%3D\">\n\t\t\t\t\t<div class=\"e-gallery-image elementor-gallery-item__image\" data-thumbnail=\"https:\/\/nisummit.com.br\/wp-content\/uploads\/2025\/04\/NIS2025-150425-20h48-DC6_5127.jpg\" data-width=\"1600\" data-height=\"1065\" aria-label=\"\" role=\"img\" ><\/div>\n\t\t\t\t\t\t\t\t\t\t\t\t\t\t<\/a>\n\t\t\t\t\t\t\t<a class=\"e-gallery-item elementor-gallery-item elementor-animated-content\" href=\"https:\/\/nisummit.com.br\/wp-content\/uploads\/2025\/04\/NIS2025-150425-21h02-_NEW5297.jpg\" data-elementor-open-lightbox=\"yes\" data-elementor-lightbox-slideshow=\"7e35213\" data-elementor-lightbox-title=\"NIS2025--150425--21h02&#039;-_NEW5297\" data-e-action-hash=\"#elementor-action%3Aaction%3Dlightbox%26settings%3DeyJpZCI6OTMzNiwidXJsIjoiaHR0cHM6XC9cL25pc3VtbWl0LmNvbS5iclwvd3AtY29udGVudFwvdXBsb2Fkc1wvMjAyNVwvMDRcL05JUzIwMjUtMTUwNDI1LTIxaDAyLV9ORVc1Mjk3LmpwZyIsInNsaWRlc2hvdyI6IjdlMzUyMTMifQ%3D%3D\">\n\t\t\t\t\t<div class=\"e-gallery-image elementor-gallery-item__image\" data-thumbnail=\"https:\/\/nisummit.com.br\/wp-content\/uploads\/2025\/04\/NIS2025-150425-21h02-_NEW5297.jpg\" data-width=\"1600\" data-height=\"1067\" aria-label=\"\" role=\"img\" ><\/div>\n\t\t\t\t\t\t\t\t\t\t\t\t\t\t<\/a>\n\t\t\t\t\t\t\t<a class=\"e-gallery-item elementor-gallery-item elementor-animated-content\" href=\"https:\/\/nisummit.com.br\/wp-content\/uploads\/2025\/04\/NIS2025-150425-20h42-_NEW5140.jpg\" data-elementor-open-lightbox=\"yes\" data-elementor-lightbox-slideshow=\"7e35213\" data-elementor-lightbox-title=\"NIS2025--150425--20h42&#039;-_NEW5140\" data-e-action-hash=\"#elementor-action%3Aaction%3Dlightbox%26settings%3DeyJpZCI6OTMzNywidXJsIjoiaHR0cHM6XC9cL25pc3VtbWl0LmNvbS5iclwvd3AtY29udGVudFwvdXBsb2Fkc1wvMjAyNVwvMDRcL05JUzIwMjUtMTUwNDI1LTIwaDQyLV9ORVc1MTQwLmpwZyIsInNsaWRlc2hvdyI6IjdlMzUyMTMifQ%3D%3D\">\n\t\t\t\t\t<div class=\"e-gallery-image elementor-gallery-item__image\" data-thumbnail=\"https:\/\/nisummit.com.br\/wp-content\/uploads\/2025\/04\/NIS2025-150425-20h42-_NEW5140.jpg\" data-width=\"1600\" data-height=\"1067\" aria-label=\"\" role=\"img\" ><\/div>\n\t\t\t\t\t\t\t\t\t\t\t\t\t\t<\/a>\n\t\t\t\t\t\t\t<a class=\"e-gallery-item elementor-gallery-item elementor-animated-content\" href=\"https:\/\/nisummit.com.br\/wp-content\/uploads\/2025\/04\/NIS2025-150425-20h48-_MG_0319.jpg\" data-elementor-open-lightbox=\"yes\" data-elementor-lightbox-slideshow=\"7e35213\" data-elementor-lightbox-title=\"NIS2025--150425--20h48&#039;-_MG_0319\" data-e-action-hash=\"#elementor-action%3Aaction%3Dlightbox%26settings%3DeyJpZCI6OTMzOCwidXJsIjoiaHR0cHM6XC9cL25pc3VtbWl0LmNvbS5iclwvd3AtY29udGVudFwvdXBsb2Fkc1wvMjAyNVwvMDRcL05JUzIwMjUtMTUwNDI1LTIwaDQ4LV9NR18wMzE5LmpwZyIsInNsaWRlc2hvdyI6IjdlMzUyMTMifQ%3D%3D\">\n\t\t\t\t\t<div class=\"e-gallery-image elementor-gallery-item__image\" data-thumbnail=\"https:\/\/nisummit.com.br\/wp-content\/uploads\/2025\/04\/NIS2025-150425-20h48-_MG_0319.jpg\" data-width=\"1600\" data-height=\"1067\" aria-label=\"\" role=\"img\" ><\/div>\n\t\t\t\t\t\t\t\t\t\t\t\t\t\t<\/a>\n\t\t\t\t\t\t\t<a class=\"e-gallery-item elementor-gallery-item elementor-animated-content\" href=\"https:\/\/nisummit.com.br\/wp-content\/uploads\/2025\/04\/NIS2025-150425-19h42-_NEW4898-1.jpg\" data-elementor-open-lightbox=\"yes\" data-elementor-lightbox-slideshow=\"7e35213\" data-elementor-lightbox-title=\"NIS2025--150425--19h42&#039;-_NEW4898\" data-e-action-hash=\"#elementor-action%3Aaction%3Dlightbox%26settings%3DeyJpZCI6OTMzMiwidXJsIjoiaHR0cHM6XC9cL25pc3VtbWl0LmNvbS5iclwvd3AtY29udGVudFwvdXBsb2Fkc1wvMjAyNVwvMDRcL05JUzIwMjUtMTUwNDI1LTE5aDQyLV9ORVc0ODk4LTEuanBnIiwic2xpZGVzaG93IjoiN2UzNTIxMyJ9\">\n\t\t\t\t\t<div class=\"e-gallery-image elementor-gallery-item__image\" data-thumbnail=\"https:\/\/nisummit.com.br\/wp-content\/uploads\/2025\/04\/NIS2025-150425-19h42-_NEW4898-1.jpg\" data-width=\"1600\" data-height=\"1067\" aria-label=\"\" role=\"img\" ><\/div>\n\t\t\t\t\t\t\t\t\t\t\t\t\t\t<\/a>\n\t\t\t\t\t<\/div>\n\t\t\t\t\t<\/div>\n\t\t\t\t<\/div>\n\t\t\t\t\t<\/div>\n\t\t<\/div>\n\t\t\t\t\t<\/div>\n\t\t<\/section>\n\t\t\t\t<\/div>","protected":false},"excerpt":{"rendered":"<p>Voltar para galeria de fotos MELHORES MOMENTOS 2025 Pr\u00eamio NIS A\u00e7a\u00ed de Ouro<\/p>","protected":false},"author":1,"featured_media":0,"parent":9245,"menu_order":0,"comment_status":"closed","ping_status":"closed","template":"","meta":{"footnotes":""},"class_list":["post-9315","page","type-page","status-publish","hentry"],"_links":{"self":[{"href":"https:\/\/nisummit.com.br\/en\/wp-json\/wp\/v2\/pages\/9315","targetHints":{"allow":["GET"]}}],"collection":[{"href":"https:\/\/nisummit.com.br\/en\/wp-json\/wp\/v2\/pages"}],"about":[{"href":"https:\/\/nisummit.com.br\/en\/wp-json\/wp\/v2\/types\/page"}],"author":[{"embeddable":true,"href":"https:\/\/nisummit.com.br\/en\/wp-json\/wp\/v2\/users\/1"}],"replies":[{"embeddable":true,"href":"https:\/\/nisummit.com.br\/en\/wp-json\/wp\/v2\/comments?post=9315"}],"version-history":[{"count":4,"href":"https:\/\/nisummit.com.br\/en\/wp-json\/wp\/v2\/pages\/9315\/revisions"}],"predecessor-version":[{"id":9344,"href":"https:\/\/nisummit.com.br\/en\/wp-json\/wp\/v2\/pages\/9315\/revisions\/9344"}],"up":[{"embeddable":true,"href":"https:\/\/nisummit.com.br\/en\/wp-json\/wp\/v2\/pages\/9245"}],"wp:attachment":[{"href":"https:\/\/nisummit.com.br\/en\/wp-json\/wp\/v2\/media?parent=9315"}],"curies":[{"name":"wp","href":"https:\/\/api.w.org\/{rel}","templated":true}]}}